{"id":8784,"date":"2022-04-22T11:27:17","date_gmt":"2022-04-22T15:27:17","guid":{"rendered":"https:\/\/rdee.ca\/discover\/25-ans-du-rdee-canada\/"},"modified":"2022-04-22T11:27:17","modified_gmt":"2022-04-22T15:27:17","slug":"25-ans-du-rdee-canada","status":"publish","type":"page","link":"https:\/\/rdee.ca\/en\/discover\/25-ans-du-rdee-canada\/","title":{"rendered":"25 ans du RD\u00c9E Canada"},"content":{"rendered":"\t\t<div data-elementor-type=\"wp-page\" data-elementor-id=\"8784\" class=\"elementor elementor-8784\" data-elementor-post-type=\"page\">\n\t\t\t\t\t\t<section class=\"elementor-section elementor-top-section elementor-element elementor-element-32babed elementor-section-boxed elementor-section-height-default elementor-section-height-default\" data-id=\"32babed\" data-element_type=\"section\" data-settings=\"{&quot;jet_parallax_layout_list&quot;:[{&quot;jet_parallax_layout_image&quot;:{&quot;url&quot;:&quot;&quot;,&quot;id&quot;:&quot;&quot;,&quot;size&quot;:&quot;&quot;},&quot;_id&quot;:&quot;536a023&quot;,&quot;jet_parallax_layout_image_laptop&quot;:{&quot;url&quot;:&quot;&quot;,&quot;id&quot;:&quot;&quot;,&quot;size&quot;:&quot;&quot;},&quot;jet_parallax_layout_image_tablet_extra&quot;:{&quot;url&quot;:&quot;&quot;,&quot;id&quot;:&quot;&quot;,&quot;size&quot;:&quot;&quot;},&quot;jet_parallax_layout_image_tablet&quot;:{&quot;url&quot;:&quot;&quot;,&quot;id&quot;:&quot;&quot;,&quot;size&quot;:&quot;&quot;},&quot;jet_parallax_layout_image_mobile_extra&quot;:{&quot;url&quot;:&quot;&quot;,&quot;id&quot;:&quot;&quot;,&quot;size&quot;:&quot;&quot;},&quot;jet_parallax_layout_image_mobile&quot;:{&quot;url&quot;:&quot;&quot;,&quot;id&quot;:&quot;&quot;,&quot;size&quot;:&quot;&quot;},&quot;jet_parallax_layout_speed&quot;:{&quot;unit&quot;:&quot;%&quot;,&quot;size&quot;:50,&quot;sizes&quot;:[]},&quot;jet_parallax_layout_type&quot;:&quot;scroll&quot;,&quot;jet_parallax_layout_direction&quot;:&quot;1&quot;,&quot;jet_parallax_layout_fx_direction&quot;:null,&quot;jet_parallax_layout_z_index&quot;:&quot;&quot;,&quot;jet_parallax_layout_bg_x&quot;:50,&quot;jet_parallax_layout_bg_x_laptop&quot;:&quot;&quot;,&quot;jet_parallax_layout_bg_x_tablet_extra&quot;:&quot;&quot;,&quot;jet_parallax_layout_bg_x_tablet&quot;:&quot;&quot;,&quot;jet_parallax_layout_bg_x_mobile_extra&quot;:&quot;&quot;,&quot;jet_parallax_layout_bg_x_mobile&quot;:&quot;&quot;,&quot;jet_parallax_layout_bg_y&quot;:50,&quot;jet_parallax_layout_bg_y_laptop&quot;:&quot;&quot;,&quot;jet_parallax_layout_bg_y_tablet_extra&quot;:&quot;&quot;,&quot;jet_parallax_layout_bg_y_tablet&quot;:&quot;&quot;,&quot;jet_parallax_layout_bg_y_mobile_extra&quot;:&quot;&quot;,&quot;jet_parallax_layout_bg_y_mobile&quot;:&quot;&quot;,&quot;jet_parallax_layout_bg_size&quot;:&quot;auto&quot;,&quot;jet_parallax_layout_bg_size_laptop&quot;:&quot;&quot;,&quot;jet_parallax_layout_bg_size_tablet_extra&quot;:&quot;&quot;,&quot;jet_parallax_layout_bg_size_tablet&quot;:&quot;&quot;,&quot;jet_parallax_layout_bg_size_mobile_extra&quot;:&quot;&quot;,&quot;jet_parallax_layout_bg_size_mobile&quot;:&quot;&quot;,&quot;jet_parallax_layout_animation_prop&quot;:&quot;transform&quot;,&quot;jet_parallax_layout_on&quot;:[&quot;desktop&quot;,&quot;tablet&quot;]}]}\">\n\t\t\t\t\t\t<div class=\"elementor-container elementor-column-gap-default\">\n\t\t\t\t\t<div class=\"elementor-column elementor-col-100 elementor-top-column elementor-element elementor-element-14597a7\" data-id=\"14597a7\" data-element_type=\"column\">\n\t\t\t<div class=\"elementor-widget-wrap elementor-element-populated\">\n\t\t\t\t\t\t<div class=\"elementor-element elementor-element-96a7d64 elementor-widget elementor-widget-global elementor-global-3936 elementor-widget-text-editor\" data-id=\"96a7d64\" data-element_type=\"widget\" data-widget_type=\"text-editor.default\">\n\t\t\t\t<div class=\"elementor-widget-container\">\n\t\t\t\t\t\t\t\t\t<p><em>This page is only available in french<\/em><\/p>\t\t\t\t\t\t\t\t<\/div>\n\t\t\t\t<\/div>\n\t\t\t\t<div class=\"elementor-element elementor-element-25405a4 elementor-widget elementor-widget-heading\" data-id=\"25405a4\" data-element_type=\"widget\" data-widget_type=\"heading.default\">\n\t\t\t\t<div class=\"elementor-widget-container\">\n\t\t\t\t\t<h2 class=\"elementor-heading-title elementor-size-default\">Le R\u00e9seau de d\u00e9veloppement \u00e9conomique et d\u2019employabilit\u00e9 (RD\u00c9E Canada) c\u00e9l\u00e9brera ses 25 ans en juillet 2022!<\/h2>\t\t\t\t<\/div>\n\t\t\t\t<\/div>\n\t\t\t\t<div class=\"elementor-element elementor-element-f4af4ca elementor-widget elementor-widget-text-editor\" data-id=\"f4af4ca\" data-element_type=\"widget\" data-widget_type=\"text-editor.default\">\n\t\t\t\t<div class=\"elementor-widget-container\">\n\t\t\t\t\t\t\t\t\t<p>Pour cette occasion, nous nous sommes dot\u00e9s d&#8217;une identit\u00e9 visuelle sp\u00e9ciale qui met en valeur la mission de l&#8217;organisme. Restez \u00e0 l\u2019aff\u00fbt pour participer \u00e0 notre concours Ligne de temps : <strong>25 ann\u00e9es en 25 questions!<\/strong> Des d\u00e9tails seront publi\u00e9s sur notre site Web et sur nos r\u00e9seaux sociaux prochainement. Le concours se d\u00e9roulera au mois de juillet.<\/p><p>Merci beaucoup!<\/p>\t\t\t\t\t\t\t\t<\/div>\n\t\t\t\t<\/div>\n\t\t\t\t<div class=\"elementor-element elementor-element-097bd80 elementor-widget elementor-widget-image\" data-id=\"097bd80\" data-element_type=\"widget\" data-widget_type=\"image.default\">\n\t\t\t\t<div class=\"elementor-widget-container\">\n\t\t\t\t\t\t\t\t\t\t\t\t\t\t\t<img fetchpriority=\"high\" decoding=\"async\" width=\"1800\" height=\"301\" src=\"https:\/\/rdee.ca\/wp-content\/uploads\/Banniere-25ans-1800px.jpg\" class=\"attachment-full size-full wp-image-8778\" alt=\"\" srcset=\"https:\/\/rdee.ca\/wp-content\/uploads\/Banniere-25ans-1800px.jpg 1800w, https:\/\/rdee.ca\/wp-content\/uploads\/Banniere-25ans-1800px-600x100.jpg 600w, https:\/\/rdee.ca\/wp-content\/uploads\/Banniere-25ans-1800px-1200x201.jpg 1200w, https:\/\/rdee.ca\/wp-content\/uploads\/Banniere-25ans-1800px-768x128.jpg 768w, https:\/\/rdee.ca\/wp-content\/uploads\/Banniere-25ans-1800px-1536x257.jpg 1536w\" sizes=\"(max-width: 1800px) 100vw, 1800px\" \/>\t\t\t\t\t\t\t\t\t\t\t\t\t\t\t<\/div>\n\t\t\t\t<\/div>\n\t\t\t\t\t<\/div>\n\t\t<\/div>\n\t\t\t\t\t<\/div>\n\t\t<\/section>\n\t\t\t\t<\/div>\n\t\t","protected":false},"excerpt":{"rendered":"<p>This page is only available in french Le R\u00e9seau de d\u00e9veloppement \u00e9conomique et d\u2019employabilit\u00e9 (RD\u00c9E Canada) c\u00e9l\u00e9brera ses 25 ans en juillet 2022! Pour cette occasion, nous nous sommes dot\u00e9s d&#8217;une identit\u00e9 visuelle sp\u00e9ciale qui met en valeur la mission de l&#8217;organisme. Restez \u00e0 l\u2019aff\u00fbt pour participer \u00e0 notre concours Ligne de temps : 25 [&hellip;]<\/p>\n","protected":false},"author":1,"featured_media":0,"parent":3556,"menu_order":0,"comment_status":"closed","ping_status":"closed","template":"","meta":{"_acf_changed":false,"footnotes":""},"class_list":["post-8784","page","type-page","status-publish","hentry"],"acf":[],"yoast_head":"<!-- This site is optimized with the Yoast SEO plugin v25.7 - https:\/\/yoast.com\/wordpress\/plugins\/seo\/ -->\n<title>25 ans du RD\u00c9E Canada - RD\u00c9E Canada<\/title>\n<meta name=\"robots\" content=\"index, follow, max-snippet:-1, max-image-preview:large, max-video-preview:-1\" \/>\n<link rel=\"canonical\" href=\"https:\/\/rdee.ca\/rdee-canada\/25-ans-du-rdee-canada\/\" \/>\n<meta property=\"og:locale\" content=\"en_US\" \/>\n<meta property=\"og:type\" content=\"article\" \/>\n<meta property=\"og:title\" content=\"25 ans du RD\u00c9E Canada - RD\u00c9E Canada\" \/>\n<meta property=\"og:description\" content=\"This page is only available in french Le R\u00e9seau de d\u00e9veloppement \u00e9conomique et d\u2019employabilit\u00e9 (RD\u00c9E Canada) c\u00e9l\u00e9brera ses 25 ans en juillet 2022! Pour cette occasion, nous nous sommes dot\u00e9s d&#8217;une identit\u00e9 visuelle sp\u00e9ciale qui met en valeur la mission de l&#8217;organisme. Restez \u00e0 l\u2019aff\u00fbt pour participer \u00e0 notre concours Ligne de temps : 25 [&hellip;]\" \/>\n<meta property=\"og:url\" content=\"https:\/\/rdee.ca\/rdee-canada\/25-ans-du-rdee-canada\/\" \/>\n<meta property=\"og:site_name\" content=\"RD\u00c9E Canada\" \/>\n<meta property=\"og:image\" content=\"https:\/\/rdee.ca\/wp-content\/uploads\/Banniere-25ans-1800px.jpg\" \/>\n<meta name=\"twitter:card\" content=\"summary_large_image\" \/>\n<script type=\"application\/ld+json\" class=\"yoast-schema-graph\">{\"@context\":\"https:\/\/schema.org\",\"@graph\":[{\"@type\":\"WebPage\",\"@id\":\"https:\/\/rdee.ca\/rdee-canada\/25-ans-du-rdee-canada\/\",\"url\":\"https:\/\/rdee.ca\/rdee-canada\/25-ans-du-rdee-canada\/\",\"name\":\"25 ans du RD\u00c9E Canada - RD\u00c9E Canada\",\"isPartOf\":{\"@id\":\"https:\/\/rdee.ca\/#website\"},\"primaryImageOfPage\":{\"@id\":\"https:\/\/rdee.ca\/rdee-canada\/25-ans-du-rdee-canada\/#primaryimage\"},\"image\":{\"@id\":\"https:\/\/rdee.ca\/rdee-canada\/25-ans-du-rdee-canada\/#primaryimage\"},\"thumbnailUrl\":\"https:\/\/rdee.ca\/wp-content\/uploads\/Banniere-25ans-1800px.jpg\",\"datePublished\":\"2022-04-22T15:27:17+00:00\",\"breadcrumb\":{\"@id\":\"https:\/\/rdee.ca\/rdee-canada\/25-ans-du-rdee-canada\/#breadcrumb\"},\"inLanguage\":\"en-US\",\"potentialAction\":[{\"@type\":\"ReadAction\",\"target\":[\"https:\/\/rdee.ca\/rdee-canada\/25-ans-du-rdee-canada\/\"]}]},{\"@type\":\"ImageObject\",\"inLanguage\":\"en-US\",\"@id\":\"https:\/\/rdee.ca\/rdee-canada\/25-ans-du-rdee-canada\/#primaryimage\",\"url\":\"https:\/\/rdee.ca\/wp-content\/uploads\/Banniere-25ans-1800px.jpg\",\"contentUrl\":\"https:\/\/rdee.ca\/wp-content\/uploads\/Banniere-25ans-1800px.jpg\"},{\"@type\":\"BreadcrumbList\",\"@id\":\"https:\/\/rdee.ca\/rdee-canada\/25-ans-du-rdee-canada\/#breadcrumb\",\"itemListElement\":[{\"@type\":\"ListItem\",\"position\":1,\"name\":\"Accueil\",\"item\":\"https:\/\/rdee.ca\/en\/\"},{\"@type\":\"ListItem\",\"position\":2,\"name\":\"RD\u00c9E Canada\",\"item\":\"https:\/\/rdee.ca\/rdee-canada\/\"},{\"@type\":\"ListItem\",\"position\":3,\"name\":\"25 ans du RD\u00c9E Canada\"}]},{\"@type\":\"WebSite\",\"@id\":\"https:\/\/rdee.ca\/#website\",\"url\":\"https:\/\/rdee.ca\/\",\"name\":\"RD\u00c9E Canada\",\"description\":\"Le leader du d\u00e9veloppement \u00e9conomique des communaut\u00e9s francophones et acadienne\",\"potentialAction\":[{\"@type\":\"SearchAction\",\"target\":{\"@type\":\"EntryPoint\",\"urlTemplate\":\"https:\/\/rdee.ca\/?s={search_term_string}\"},\"query-input\":{\"@type\":\"PropertyValueSpecification\",\"valueRequired\":true,\"valueName\":\"search_term_string\"}}],\"inLanguage\":\"en-US\"}]}<\/script>\n<!-- \/ Yoast SEO plugin. -->","yoast_head_json":{"title":"25 ans du RD\u00c9E Canada - RD\u00c9E Canada","robots":{"index":"index","follow":"follow","max-snippet":"max-snippet:-1","max-image-preview":"max-image-preview:large","max-video-preview":"max-video-preview:-1"},"canonical":"https:\/\/rdee.ca\/rdee-canada\/25-ans-du-rdee-canada\/","og_locale":"en_US","og_type":"article","og_title":"25 ans du RD\u00c9E Canada - RD\u00c9E Canada","og_description":"This page is only available in french Le R\u00e9seau de d\u00e9veloppement \u00e9conomique et d\u2019employabilit\u00e9 (RD\u00c9E Canada) c\u00e9l\u00e9brera ses 25 ans en juillet 2022! Pour cette occasion, nous nous sommes dot\u00e9s d&#8217;une identit\u00e9 visuelle sp\u00e9ciale qui met en valeur la mission de l&#8217;organisme. Restez \u00e0 l\u2019aff\u00fbt pour participer \u00e0 notre concours Ligne de temps : 25 [&hellip;]","og_url":"https:\/\/rdee.ca\/rdee-canada\/25-ans-du-rdee-canada\/","og_site_name":"RD\u00c9E Canada","og_image":[{"url":"https:\/\/rdee.ca\/wp-content\/uploads\/Banniere-25ans-1800px.jpg","type":"","width":"","height":""}],"twitter_card":"summary_large_image","schema":{"@context":"https:\/\/schema.org","@graph":[{"@type":"WebPage","@id":"https:\/\/rdee.ca\/rdee-canada\/25-ans-du-rdee-canada\/","url":"https:\/\/rdee.ca\/rdee-canada\/25-ans-du-rdee-canada\/","name":"25 ans du RD\u00c9E Canada - RD\u00c9E Canada","isPartOf":{"@id":"https:\/\/rdee.ca\/#website"},"primaryImageOfPage":{"@id":"https:\/\/rdee.ca\/rdee-canada\/25-ans-du-rdee-canada\/#primaryimage"},"image":{"@id":"https:\/\/rdee.ca\/rdee-canada\/25-ans-du-rdee-canada\/#primaryimage"},"thumbnailUrl":"https:\/\/rdee.ca\/wp-content\/uploads\/Banniere-25ans-1800px.jpg","datePublished":"2022-04-22T15:27:17+00:00","breadcrumb":{"@id":"https:\/\/rdee.ca\/rdee-canada\/25-ans-du-rdee-canada\/#breadcrumb"},"inLanguage":"en-US","potentialAction":[{"@type":"ReadAction","target":["https:\/\/rdee.ca\/rdee-canada\/25-ans-du-rdee-canada\/"]}]},{"@type":"ImageObject","inLanguage":"en-US","@id":"https:\/\/rdee.ca\/rdee-canada\/25-ans-du-rdee-canada\/#primaryimage","url":"https:\/\/rdee.ca\/wp-content\/uploads\/Banniere-25ans-1800px.jpg","contentUrl":"https:\/\/rdee.ca\/wp-content\/uploads\/Banniere-25ans-1800px.jpg"},{"@type":"BreadcrumbList","@id":"https:\/\/rdee.ca\/rdee-canada\/25-ans-du-rdee-canada\/#breadcrumb","itemListElement":[{"@type":"ListItem","position":1,"name":"Accueil","item":"https:\/\/rdee.ca\/en\/"},{"@type":"ListItem","position":2,"name":"RD\u00c9E Canada","item":"https:\/\/rdee.ca\/rdee-canada\/"},{"@type":"ListItem","position":3,"name":"25 ans du RD\u00c9E Canada"}]},{"@type":"WebSite","@id":"https:\/\/rdee.ca\/#website","url":"https:\/\/rdee.ca\/","name":"RD\u00c9E Canada","description":"Le leader du d\u00e9veloppement \u00e9conomique des communaut\u00e9s francophones et acadienne","potentialAction":[{"@type":"SearchAction","target":{"@type":"EntryPoint","urlTemplate":"https:\/\/rdee.ca\/?s={search_term_string}"},"query-input":{"@type":"PropertyValueSpecification","valueRequired":true,"valueName":"search_term_string"}}],"inLanguage":"en-US"}]}},"publishpress_future_action":{"enabled":false,"date":"2026-04-15 03:00:20","action":"change-status","newStatus":"draft","terms":[],"taxonomy":"translation_priority","extraData":[]},"publishpress_future_workflow_manual_trigger":{"enabledWorkflows":[]},"_links":{"self":[{"href":"https:\/\/rdee.ca\/en\/wp-json\/wp\/v2\/pages\/8784","targetHints":{"allow":["GET"]}}],"collection":[{"href":"https:\/\/rdee.ca\/en\/wp-json\/wp\/v2\/pages"}],"about":[{"href":"https:\/\/rdee.ca\/en\/wp-json\/wp\/v2\/types\/page"}],"author":[{"embeddable":true,"href":"https:\/\/rdee.ca\/en\/wp-json\/wp\/v2\/users\/1"}],"replies":[{"embeddable":true,"href":"https:\/\/rdee.ca\/en\/wp-json\/wp\/v2\/comments?post=8784"}],"version-history":[{"count":0,"href":"https:\/\/rdee.ca\/en\/wp-json\/wp\/v2\/pages\/8784\/revisions"}],"up":[{"embeddable":true,"href":"https:\/\/rdee.ca\/en\/wp-json\/wp\/v2\/pages\/3556"}],"wp:attachment":[{"href":"https:\/\/rdee.ca\/en\/wp-json\/wp\/v2\/media?parent=8784"}],"curies":[{"name":"wp","href":"https:\/\/api.w.org\/{rel}","templated":true}]}}