{"id":8355,"date":"2022-03-30T14:06:29","date_gmt":"2022-03-30T18:06:29","guid":{"rendered":"https:\/\/rdeecanada.flywheelstaging.com\/projets-du-rdee\/o-chalet\/"},"modified":"2022-03-30T14:06:31","modified_gmt":"2022-03-30T18:06:31","slug":"o-chalet","status":"publish","type":"page","link":"https:\/\/rdee.ca\/en\/projets-du-rdee\/o-chalet\/","title":{"rendered":"\u00d4 chalet"},"content":{"rendered":"\t\t<div data-elementor-type=\"wp-post\" data-elementor-id=\"8355\" class=\"elementor elementor-8355 elementor-8120\" data-elementor-post-type=\"page\">\n\t\t\t\t\t\t<section class=\"elementor-section elementor-top-section elementor-element elementor-element-c43d64d elementor-section-boxed elementor-section-height-default elementor-section-height-default\" data-id=\"c43d64d\" data-element_type=\"section\" data-settings=\"{&quot;jet_parallax_layout_list&quot;:[{&quot;jet_parallax_layout_image&quot;:{&quot;url&quot;:&quot;&quot;,&quot;id&quot;:&quot;&quot;,&quot;size&quot;:&quot;&quot;},&quot;_id&quot;:&quot;536a023&quot;,&quot;jet_parallax_layout_image_laptop&quot;:{&quot;url&quot;:&quot;&quot;,&quot;id&quot;:&quot;&quot;,&quot;size&quot;:&quot;&quot;},&quot;jet_parallax_layout_image_tablet_extra&quot;:{&quot;url&quot;:&quot;&quot;,&quot;id&quot;:&quot;&quot;,&quot;size&quot;:&quot;&quot;},&quot;jet_parallax_layout_image_tablet&quot;:{&quot;url&quot;:&quot;&quot;,&quot;id&quot;:&quot;&quot;,&quot;size&quot;:&quot;&quot;},&quot;jet_parallax_layout_image_mobile_extra&quot;:{&quot;url&quot;:&quot;&quot;,&quot;id&quot;:&quot;&quot;,&quot;size&quot;:&quot;&quot;},&quot;jet_parallax_layout_image_mobile&quot;:{&quot;url&quot;:&quot;&quot;,&quot;id&quot;:&quot;&quot;,&quot;size&quot;:&quot;&quot;},&quot;jet_parallax_layout_speed&quot;:{&quot;unit&quot;:&quot;%&quot;,&quot;size&quot;:50,&quot;sizes&quot;:[]},&quot;jet_parallax_layout_type&quot;:&quot;scroll&quot;,&quot;jet_parallax_layout_direction&quot;:&quot;1&quot;,&quot;jet_parallax_layout_fx_direction&quot;:null,&quot;jet_parallax_layout_z_index&quot;:&quot;&quot;,&quot;jet_parallax_layout_bg_x&quot;:50,&quot;jet_parallax_layout_bg_x_laptop&quot;:&quot;&quot;,&quot;jet_parallax_layout_bg_x_tablet_extra&quot;:&quot;&quot;,&quot;jet_parallax_layout_bg_x_tablet&quot;:&quot;&quot;,&quot;jet_parallax_layout_bg_x_mobile_extra&quot;:&quot;&quot;,&quot;jet_parallax_layout_bg_x_mobile&quot;:&quot;&quot;,&quot;jet_parallax_layout_bg_y&quot;:50,&quot;jet_parallax_layout_bg_y_laptop&quot;:&quot;&quot;,&quot;jet_parallax_layout_bg_y_tablet_extra&quot;:&quot;&quot;,&quot;jet_parallax_layout_bg_y_tablet&quot;:&quot;&quot;,&quot;jet_parallax_layout_bg_y_mobile_extra&quot;:&quot;&quot;,&quot;jet_parallax_layout_bg_y_mobile&quot;:&quot;&quot;,&quot;jet_parallax_layout_bg_size&quot;:&quot;auto&quot;,&quot;jet_parallax_layout_bg_size_laptop&quot;:&quot;&quot;,&quot;jet_parallax_layout_bg_size_tablet_extra&quot;:&quot;&quot;,&quot;jet_parallax_layout_bg_size_tablet&quot;:&quot;&quot;,&quot;jet_parallax_layout_bg_size_mobile_extra&quot;:&quot;&quot;,&quot;jet_parallax_layout_bg_size_mobile&quot;:&quot;&quot;,&quot;jet_parallax_layout_animation_prop&quot;:&quot;transform&quot;,&quot;jet_parallax_layout_on&quot;:[&quot;desktop&quot;,&quot;tablet&quot;]}]}\">\n\t\t\t\t\t\t<div class=\"elementor-container elementor-column-gap-default\">\n\t\t\t\t\t<div class=\"elementor-column elementor-col-100 elementor-top-column elementor-element elementor-element-3eb58fae elementor-invisible\" data-id=\"3eb58fae\" data-element_type=\"column\" data-settings=\"{&quot;animation&quot;:&quot;fadeIn&quot;}\">\n\t\t\t<div class=\"elementor-widget-wrap elementor-element-populated\">\n\t\t\t\t\t\t<div class=\"elementor-element elementor-element-5ea34de elementor-widget elementor-widget-global elementor-global-3936 elementor-widget-text-editor\" data-id=\"5ea34de\" data-element_type=\"widget\" data-widget_type=\"text-editor.default\">\n\t\t\t\t<div class=\"elementor-widget-container\">\n\t\t\t\t\t\t\t\t\t<p><em>This page is only available in french<\/em><\/p>\t\t\t\t\t\t\t\t<\/div>\n\t\t\t\t<\/div>\n\t\t\t\t<div class=\"elementor-element elementor-element-2dc81381 elementor-widget elementor-widget-text-editor\" data-id=\"2dc81381\" data-element_type=\"widget\" data-widget_type=\"text-editor.default\">\n\t\t\t\t<div class=\"elementor-widget-container\">\n\t\t\t\t\t\t\t\t\t<p><span style=\"color: #000000;\">\u00d4 Chalet est un forum jeunesse visant une relance \u00e9conomique durable et sociale. Ce projet s\u2019adresse aux jeunes canadiens francophones \u00e9tudiants, avec ou sans emploi et entrepreneurs issus des communaut\u00e9s de langues officielles en situation minoritaire et du Qu\u00e9bec.<\/span><\/p><p><span style=\"color: #000000;\">Cet \u00e9v\u00e9nement mobilisateur, lanc\u00e9 \u00e0 l\u2019initiative du\u00a0<a href=\"https:\/\/rdee.ca\/\" target=\"_blank\" rel=\"noopener\">R\u00e9seau de d\u00e9veloppement \u00e9conomique et d\u2019employabilit\u00e9 (RD\u00c9E Canada)<\/a>, a pris la forme d&#8217;ateliers virtuels qui a conduit \u00e0 la redaction\u00a0d&#8217;un livre blanc.\u00a0<\/span><\/p>\t\t\t\t\t\t\t\t<\/div>\n\t\t\t\t<\/div>\n\t\t\t\t<div class=\"elementor-element elementor-element-5fbe030 elementor-widget elementor-widget-button\" data-id=\"5fbe030\" data-element_type=\"widget\" data-widget_type=\"button.default\">\n\t\t\t\t<div class=\"elementor-widget-container\">\n\t\t\t\t\t\t\t\t\t<div class=\"elementor-button-wrapper\">\n\t\t\t\t\t<a class=\"elementor-button elementor-button-link elementor-size-sm\" href=\"https:\/\/o-chalet.ca\/\" target=\"_blank\">\n\t\t\t\t\t\t<span class=\"elementor-button-content-wrapper\">\n\t\t\t\t\t\t<span class=\"elementor-button-icon\">\n\t\t\t\t<i aria-hidden=\"true\" class=\"fas fa-external-link-alt\"><\/i>\t\t\t<\/span>\n\t\t\t\t\t\t\t\t\t<span class=\"elementor-button-text\">Visit the website<\/span>\n\t\t\t\t\t<\/span>\n\t\t\t\t\t<\/a>\n\t\t\t\t<\/div>\n\t\t\t\t\t\t\t\t<\/div>\n\t\t\t\t<\/div>\n\t\t\t\t\t<\/div>\n\t\t<\/div>\n\t\t\t\t\t<\/div>\n\t\t<\/section>\n\t\t\t\t<\/div>\n\t\t","protected":false},"excerpt":{"rendered":"<p>This page is only available in french \u00d4 Chalet est un forum jeunesse visant une relance \u00e9conomique durable et sociale. Ce projet s\u2019adresse aux jeunes canadiens francophones \u00e9tudiants, avec ou sans emploi et entrepreneurs issus des communaut\u00e9s de langues officielles en situation minoritaire et du Qu\u00e9bec. Cet \u00e9v\u00e9nement mobilisateur, lanc\u00e9 \u00e0 l\u2019initiative du\u00a0R\u00e9seau de d\u00e9veloppement [&hellip;]<\/p>\n","protected":false},"author":20,"featured_media":10388,"parent":3572,"menu_order":0,"comment_status":"closed","ping_status":"closed","template":"","meta":{"_acf_changed":false,"footnotes":""},"class_list":["post-8355","page","type-page","status-publish","has-post-thumbnail","hentry"],"acf":[],"yoast_head":"<!-- This site is optimized with the Yoast SEO plugin v25.7 - https:\/\/yoast.com\/wordpress\/plugins\/seo\/ -->\n<title>\u00d4 chalet - RD\u00c9E Canada<\/title>\n<meta name=\"robots\" content=\"index, follow, max-snippet:-1, max-image-preview:large, max-video-preview:-1\" \/>\n<link rel=\"canonical\" href=\"https:\/\/rdee.ca\/en\/projets-du-rdee\/o-chalet\/\" \/>\n<meta property=\"og:locale\" content=\"en_US\" \/>\n<meta property=\"og:type\" content=\"article\" \/>\n<meta property=\"og:title\" content=\"\u00d4 chalet - RD\u00c9E Canada\" \/>\n<meta property=\"og:description\" content=\"This page is only available in french \u00d4 Chalet est un forum jeunesse visant une relance \u00e9conomique durable et sociale. Ce projet s\u2019adresse aux jeunes canadiens francophones \u00e9tudiants, avec ou sans emploi et entrepreneurs issus des communaut\u00e9s de langues officielles en situation minoritaire et du Qu\u00e9bec. Cet \u00e9v\u00e9nement mobilisateur, lanc\u00e9 \u00e0 l\u2019initiative du\u00a0R\u00e9seau de d\u00e9veloppement [&hellip;]\" \/>\n<meta property=\"og:url\" content=\"https:\/\/rdee.ca\/en\/projets-du-rdee\/o-chalet\/\" \/>\n<meta property=\"og:site_name\" content=\"RD\u00c9E Canada\" \/>\n<meta property=\"article:modified_time\" content=\"2022-03-30T18:06:31+00:00\" \/>\n<meta name=\"twitter:card\" content=\"summary_large_image\" \/>\n<script type=\"application\/ld+json\" class=\"yoast-schema-graph\">{\"@context\":\"https:\/\/schema.org\",\"@graph\":[{\"@type\":\"WebPage\",\"@id\":\"https:\/\/rdee.ca\/en\/projets-du-rdee\/o-chalet\/\",\"url\":\"https:\/\/rdee.ca\/en\/projets-du-rdee\/o-chalet\/\",\"name\":\"\u00d4 chalet - RD\u00c9E Canada\",\"isPartOf\":{\"@id\":\"https:\/\/rdee.ca\/#website\"},\"primaryImageOfPage\":{\"@id\":\"https:\/\/rdee.ca\/en\/projets-du-rdee\/o-chalet\/#primaryimage\"},\"image\":{\"@id\":\"https:\/\/rdee.ca\/en\/projets-du-rdee\/o-chalet\/#primaryimage\"},\"thumbnailUrl\":\"https:\/\/rdee.ca\/wp-content\/uploads\/Logo-petit-RDEE-Canada-e1727117821236.png\",\"datePublished\":\"2022-03-30T18:06:29+00:00\",\"dateModified\":\"2022-03-30T18:06:31+00:00\",\"breadcrumb\":{\"@id\":\"https:\/\/rdee.ca\/en\/projets-du-rdee\/o-chalet\/#breadcrumb\"},\"inLanguage\":\"en-US\",\"potentialAction\":[{\"@type\":\"ReadAction\",\"target\":[\"https:\/\/rdee.ca\/en\/projets-du-rdee\/o-chalet\/\"]}]},{\"@type\":\"ImageObject\",\"inLanguage\":\"en-US\",\"@id\":\"https:\/\/rdee.ca\/en\/projets-du-rdee\/o-chalet\/#primaryimage\",\"url\":\"https:\/\/rdee.ca\/wp-content\/uploads\/Logo-petit-RDEE-Canada-e1727117821236.png\",\"contentUrl\":\"https:\/\/rdee.ca\/wp-content\/uploads\/Logo-petit-RDEE-Canada-e1727117821236.png\",\"width\":1563,\"height\":1563},{\"@type\":\"BreadcrumbList\",\"@id\":\"https:\/\/rdee.ca\/en\/projets-du-rdee\/o-chalet\/#breadcrumb\",\"itemListElement\":[{\"@type\":\"ListItem\",\"position\":1,\"name\":\"Accueil\",\"item\":\"https:\/\/rdee.ca\/en\/\"},{\"@type\":\"ListItem\",\"position\":2,\"name\":\"Projets\",\"item\":\"https:\/\/rdee.ca\/en\/projets-du-rdee\/\"},{\"@type\":\"ListItem\",\"position\":3,\"name\":\"\u00d4 chalet\"}]},{\"@type\":\"WebSite\",\"@id\":\"https:\/\/rdee.ca\/#website\",\"url\":\"https:\/\/rdee.ca\/\",\"name\":\"RD\u00c9E Canada\",\"description\":\"Le leader du d\u00e9veloppement \u00e9conomique des communaut\u00e9s francophones et acadienne\",\"potentialAction\":[{\"@type\":\"SearchAction\",\"target\":{\"@type\":\"EntryPoint\",\"urlTemplate\":\"https:\/\/rdee.ca\/?s={search_term_string}\"},\"query-input\":{\"@type\":\"PropertyValueSpecification\",\"valueRequired\":true,\"valueName\":\"search_term_string\"}}],\"inLanguage\":\"en-US\"}]}<\/script>\n<!-- \/ Yoast SEO plugin. -->","yoast_head_json":{"title":"\u00d4 chalet - RD\u00c9E Canada","robots":{"index":"index","follow":"follow","max-snippet":"max-snippet:-1","max-image-preview":"max-image-preview:large","max-video-preview":"max-video-preview:-1"},"canonical":"https:\/\/rdee.ca\/en\/projets-du-rdee\/o-chalet\/","og_locale":"en_US","og_type":"article","og_title":"\u00d4 chalet - RD\u00c9E Canada","og_description":"This page is only available in french \u00d4 Chalet est un forum jeunesse visant une relance \u00e9conomique durable et sociale. Ce projet s\u2019adresse aux jeunes canadiens francophones \u00e9tudiants, avec ou sans emploi et entrepreneurs issus des communaut\u00e9s de langues officielles en situation minoritaire et du Qu\u00e9bec. Cet \u00e9v\u00e9nement mobilisateur, lanc\u00e9 \u00e0 l\u2019initiative du\u00a0R\u00e9seau de d\u00e9veloppement [&hellip;]","og_url":"https:\/\/rdee.ca\/en\/projets-du-rdee\/o-chalet\/","og_site_name":"RD\u00c9E Canada","article_modified_time":"2022-03-30T18:06:31+00:00","twitter_card":"summary_large_image","schema":{"@context":"https:\/\/schema.org","@graph":[{"@type":"WebPage","@id":"https:\/\/rdee.ca\/en\/projets-du-rdee\/o-chalet\/","url":"https:\/\/rdee.ca\/en\/projets-du-rdee\/o-chalet\/","name":"\u00d4 chalet - RD\u00c9E Canada","isPartOf":{"@id":"https:\/\/rdee.ca\/#website"},"primaryImageOfPage":{"@id":"https:\/\/rdee.ca\/en\/projets-du-rdee\/o-chalet\/#primaryimage"},"image":{"@id":"https:\/\/rdee.ca\/en\/projets-du-rdee\/o-chalet\/#primaryimage"},"thumbnailUrl":"https:\/\/rdee.ca\/wp-content\/uploads\/Logo-petit-RDEE-Canada-e1727117821236.png","datePublished":"2022-03-30T18:06:29+00:00","dateModified":"2022-03-30T18:06:31+00:00","breadcrumb":{"@id":"https:\/\/rdee.ca\/en\/projets-du-rdee\/o-chalet\/#breadcrumb"},"inLanguage":"en-US","potentialAction":[{"@type":"ReadAction","target":["https:\/\/rdee.ca\/en\/projets-du-rdee\/o-chalet\/"]}]},{"@type":"ImageObject","inLanguage":"en-US","@id":"https:\/\/rdee.ca\/en\/projets-du-rdee\/o-chalet\/#primaryimage","url":"https:\/\/rdee.ca\/wp-content\/uploads\/Logo-petit-RDEE-Canada-e1727117821236.png","contentUrl":"https:\/\/rdee.ca\/wp-content\/uploads\/Logo-petit-RDEE-Canada-e1727117821236.png","width":1563,"height":1563},{"@type":"BreadcrumbList","@id":"https:\/\/rdee.ca\/en\/projets-du-rdee\/o-chalet\/#breadcrumb","itemListElement":[{"@type":"ListItem","position":1,"name":"Accueil","item":"https:\/\/rdee.ca\/en\/"},{"@type":"ListItem","position":2,"name":"Projets","item":"https:\/\/rdee.ca\/en\/projets-du-rdee\/"},{"@type":"ListItem","position":3,"name":"\u00d4 chalet"}]},{"@type":"WebSite","@id":"https:\/\/rdee.ca\/#website","url":"https:\/\/rdee.ca\/","name":"RD\u00c9E Canada","description":"Le leader du d\u00e9veloppement \u00e9conomique des communaut\u00e9s francophones et acadienne","potentialAction":[{"@type":"SearchAction","target":{"@type":"EntryPoint","urlTemplate":"https:\/\/rdee.ca\/?s={search_term_string}"},"query-input":{"@type":"PropertyValueSpecification","valueRequired":true,"valueName":"search_term_string"}}],"inLanguage":"en-US"}]}},"publishpress_future_action":{"enabled":false,"date":"2026-04-14 09:28:33","action":"change-status","newStatus":"draft","terms":[],"taxonomy":"translation_priority","extraData":[]},"publishpress_future_workflow_manual_trigger":{"enabledWorkflows":[]},"_links":{"self":[{"href":"https:\/\/rdee.ca\/en\/wp-json\/wp\/v2\/pages\/8355","targetHints":{"allow":["GET"]}}],"collection":[{"href":"https:\/\/rdee.ca\/en\/wp-json\/wp\/v2\/pages"}],"about":[{"href":"https:\/\/rdee.ca\/en\/wp-json\/wp\/v2\/types\/page"}],"author":[{"embeddable":true,"href":"https:\/\/rdee.ca\/en\/wp-json\/wp\/v2\/users\/20"}],"replies":[{"embeddable":true,"href":"https:\/\/rdee.ca\/en\/wp-json\/wp\/v2\/comments?post=8355"}],"version-history":[{"count":0,"href":"https:\/\/rdee.ca\/en\/wp-json\/wp\/v2\/pages\/8355\/revisions"}],"up":[{"embeddable":true,"href":"https:\/\/rdee.ca\/en\/wp-json\/wp\/v2\/pages\/3572"}],"wp:featuredmedia":[{"embeddable":true,"href":"https:\/\/rdee.ca\/en\/wp-json\/wp\/v2\/media\/10388"}],"wp:attachment":[{"href":"https:\/\/rdee.ca\/en\/wp-json\/wp\/v2\/media?parent=8355"}],"curies":[{"name":"wp","href":"https:\/\/api.w.org\/{rel}","templated":true}]}}