{"id":8351,"date":"2022-03-30T14:01:35","date_gmt":"2022-03-30T18:01:35","guid":{"rendered":"https:\/\/rdeecanada.flywheelstaging.com\/projets-du-rdee\/emplois-au-canada\/"},"modified":"2022-03-30T14:01:37","modified_gmt":"2022-03-30T18:01:37","slug":"emplois-au-canada","status":"publish","type":"page","link":"https:\/\/rdee.ca\/en\/projets-du-rdee\/emplois-au-canada\/","title":{"rendered":"Emplois au Canada"},"content":{"rendered":"\t\t<div data-elementor-type=\"wp-post\" data-elementor-id=\"8351\" class=\"elementor elementor-8351 elementor-8122\" data-elementor-post-type=\"page\">\n\t\t\t\t\t\t<section class=\"elementor-section elementor-top-section elementor-element elementor-element-c4fb827 elementor-section-boxed elementor-section-height-default elementor-section-height-default\" data-id=\"c4fb827\" data-element_type=\"section\" data-settings=\"{&quot;jet_parallax_layout_list&quot;:[{&quot;jet_parallax_layout_image&quot;:{&quot;url&quot;:&quot;&quot;,&quot;id&quot;:&quot;&quot;,&quot;size&quot;:&quot;&quot;},&quot;_id&quot;:&quot;536a023&quot;,&quot;jet_parallax_layout_image_laptop&quot;:{&quot;url&quot;:&quot;&quot;,&quot;id&quot;:&quot;&quot;,&quot;size&quot;:&quot;&quot;},&quot;jet_parallax_layout_image_tablet_extra&quot;:{&quot;url&quot;:&quot;&quot;,&quot;id&quot;:&quot;&quot;,&quot;size&quot;:&quot;&quot;},&quot;jet_parallax_layout_image_tablet&quot;:{&quot;url&quot;:&quot;&quot;,&quot;id&quot;:&quot;&quot;,&quot;size&quot;:&quot;&quot;},&quot;jet_parallax_layout_image_mobile_extra&quot;:{&quot;url&quot;:&quot;&quot;,&quot;id&quot;:&quot;&quot;,&quot;size&quot;:&quot;&quot;},&quot;jet_parallax_layout_image_mobile&quot;:{&quot;url&quot;:&quot;&quot;,&quot;id&quot;:&quot;&quot;,&quot;size&quot;:&quot;&quot;},&quot;jet_parallax_layout_speed&quot;:{&quot;unit&quot;:&quot;%&quot;,&quot;size&quot;:50,&quot;sizes&quot;:[]},&quot;jet_parallax_layout_type&quot;:&quot;scroll&quot;,&quot;jet_parallax_layout_direction&quot;:&quot;1&quot;,&quot;jet_parallax_layout_fx_direction&quot;:null,&quot;jet_parallax_layout_z_index&quot;:&quot;&quot;,&quot;jet_parallax_layout_bg_x&quot;:50,&quot;jet_parallax_layout_bg_x_laptop&quot;:&quot;&quot;,&quot;jet_parallax_layout_bg_x_tablet_extra&quot;:&quot;&quot;,&quot;jet_parallax_layout_bg_x_tablet&quot;:&quot;&quot;,&quot;jet_parallax_layout_bg_x_mobile_extra&quot;:&quot;&quot;,&quot;jet_parallax_layout_bg_x_mobile&quot;:&quot;&quot;,&quot;jet_parallax_layout_bg_y&quot;:50,&quot;jet_parallax_layout_bg_y_laptop&quot;:&quot;&quot;,&quot;jet_parallax_layout_bg_y_tablet_extra&quot;:&quot;&quot;,&quot;jet_parallax_layout_bg_y_tablet&quot;:&quot;&quot;,&quot;jet_parallax_layout_bg_y_mobile_extra&quot;:&quot;&quot;,&quot;jet_parallax_layout_bg_y_mobile&quot;:&quot;&quot;,&quot;jet_parallax_layout_bg_size&quot;:&quot;auto&quot;,&quot;jet_parallax_layout_bg_size_laptop&quot;:&quot;&quot;,&quot;jet_parallax_layout_bg_size_tablet_extra&quot;:&quot;&quot;,&quot;jet_parallax_layout_bg_size_tablet&quot;:&quot;&quot;,&quot;jet_parallax_layout_bg_size_mobile_extra&quot;:&quot;&quot;,&quot;jet_parallax_layout_bg_size_mobile&quot;:&quot;&quot;,&quot;jet_parallax_layout_animation_prop&quot;:&quot;transform&quot;,&quot;jet_parallax_layout_on&quot;:[&quot;desktop&quot;,&quot;tablet&quot;]}]}\">\n\t\t\t\t\t\t<div class=\"elementor-container elementor-column-gap-default\">\n\t\t\t\t\t<div class=\"elementor-column elementor-col-100 elementor-top-column elementor-element elementor-element-c0aa844 elementor-invisible\" data-id=\"c0aa844\" data-element_type=\"column\" data-settings=\"{&quot;animation&quot;:&quot;fadeIn&quot;}\">\n\t\t\t<div class=\"elementor-widget-wrap elementor-element-populated\">\n\t\t\t\t\t\t<div class=\"elementor-element elementor-element-7aca4ef elementor-widget elementor-widget-global elementor-global-3936 elementor-widget-text-editor\" data-id=\"7aca4ef\" data-element_type=\"widget\" data-widget_type=\"text-editor.default\">\n\t\t\t\t<div class=\"elementor-widget-container\">\n\t\t\t\t\t\t\t\t\t<p><em>This page is only available in french<\/em><\/p>\t\t\t\t\t\t\t\t<\/div>\n\t\t\t\t<\/div>\n\t\t\t\t<div class=\"elementor-element elementor-element-315d06b elementor-widget elementor-widget-text-editor\" data-id=\"315d06b\" data-element_type=\"widget\" data-widget_type=\"text-editor.default\">\n\t\t\t\t<div class=\"elementor-widget-container\">\n\t\t\t\t\t\t\t\t\t<p>Plateforme de r\u00e9f\u00e9rence pour les personnes immigrantes d\u00e9sirant travailler au Canada, Emplois au Canada met en relation des employeurs canadiens avec des chercheurs d&#8217;emploi qualifi\u00e9s et admissibles \u00e0 travailler au Canada. Chaque ann\u00e9e, le RD\u00c9E Canada organise les Salons virtuels de l&#8217;emploi dans diff\u00e9rents domaines de travail.<\/p><p>Vous \u00eates r\u00e9sident permanent, r\u00e9fugi\u00e9, personne ayant un permis de travail canadien, \u00e9tudiant international, vous vivez au Canada ou \u00e0 l&#8217;etranger, vous \u00eates admissibles \u00e0 travailler au Canada? Visitez <a href=\"http:\/\/emploisaucanada.com\/\">Emploisaucanada.com<\/a> pour en savoir plus sur notre prochain Salon virtuel en emploi.<\/p>\t\t\t\t\t\t\t\t<\/div>\n\t\t\t\t<\/div>\n\t\t\t\t<div class=\"elementor-element elementor-element-25a5900 elementor-widget elementor-widget-button\" data-id=\"25a5900\" data-element_type=\"widget\" data-widget_type=\"button.default\">\n\t\t\t\t<div class=\"elementor-widget-container\">\n\t\t\t\t\t\t\t\t\t<div class=\"elementor-button-wrapper\">\n\t\t\t\t\t<a class=\"elementor-button elementor-button-link elementor-size-sm\" href=\"https:\/\/www.emploisaucanada.com\/\" target=\"_blank\">\n\t\t\t\t\t\t<span class=\"elementor-button-content-wrapper\">\n\t\t\t\t\t\t<span class=\"elementor-button-icon\">\n\t\t\t\t<i aria-hidden=\"true\" class=\"fas fa-external-link-alt\"><\/i>\t\t\t<\/span>\n\t\t\t\t\t\t\t\t\t<span class=\"elementor-button-text\">Visit the website<\/span>\n\t\t\t\t\t<\/span>\n\t\t\t\t\t<\/a>\n\t\t\t\t<\/div>\n\t\t\t\t\t\t\t\t<\/div>\n\t\t\t\t<\/div>\n\t\t\t\t\t<\/div>\n\t\t<\/div>\n\t\t\t\t\t<\/div>\n\t\t<\/section>\n\t\t\t\t<\/div>\n\t\t","protected":false},"excerpt":{"rendered":"<p>This page is only available in french Plateforme de r\u00e9f\u00e9rence pour les personnes immigrantes d\u00e9sirant travailler au Canada, Emplois au Canada met en relation des employeurs canadiens avec des chercheurs d&#8217;emploi qualifi\u00e9s et admissibles \u00e0 travailler au Canada. Chaque ann\u00e9e, le RD\u00c9E Canada organise les Salons virtuels de l&#8217;emploi dans diff\u00e9rents domaines de travail. Vous [&hellip;]<\/p>\n","protected":false},"author":20,"featured_media":10388,"parent":3572,"menu_order":0,"comment_status":"closed","ping_status":"closed","template":"","meta":{"_acf_changed":false,"footnotes":""},"class_list":["post-8351","page","type-page","status-publish","has-post-thumbnail","hentry"],"acf":[],"yoast_head":"<!-- This site is optimized with the Yoast SEO plugin v25.7 - https:\/\/yoast.com\/wordpress\/plugins\/seo\/ -->\n<title>Emplois au Canada - RD\u00c9E Canada<\/title>\n<meta name=\"robots\" content=\"index, follow, max-snippet:-1, max-image-preview:large, max-video-preview:-1\" \/>\n<link rel=\"canonical\" href=\"https:\/\/rdee.ca\/en\/projets-du-rdee\/emplois-au-canada\/\" \/>\n<meta property=\"og:locale\" content=\"en_US\" \/>\n<meta property=\"og:type\" content=\"article\" \/>\n<meta property=\"og:title\" content=\"Emplois au Canada - RD\u00c9E Canada\" \/>\n<meta property=\"og:description\" content=\"This page is only available in french Plateforme de r\u00e9f\u00e9rence pour les personnes immigrantes d\u00e9sirant travailler au Canada, Emplois au Canada met en relation des employeurs canadiens avec des chercheurs d&#8217;emploi qualifi\u00e9s et admissibles \u00e0 travailler au Canada. Chaque ann\u00e9e, le RD\u00c9E Canada organise les Salons virtuels de l&#8217;emploi dans diff\u00e9rents domaines de travail. Vous [&hellip;]\" \/>\n<meta property=\"og:url\" content=\"https:\/\/rdee.ca\/en\/projets-du-rdee\/emplois-au-canada\/\" \/>\n<meta property=\"og:site_name\" content=\"RD\u00c9E Canada\" \/>\n<meta property=\"article:modified_time\" content=\"2022-03-30T18:01:37+00:00\" \/>\n<meta name=\"twitter:card\" content=\"summary_large_image\" \/>\n<meta name=\"twitter:label1\" content=\"Est. reading time\" \/>\n\t<meta name=\"twitter:data1\" content=\"1 minute\" \/>\n<script type=\"application\/ld+json\" class=\"yoast-schema-graph\">{\"@context\":\"https:\/\/schema.org\",\"@graph\":[{\"@type\":\"WebPage\",\"@id\":\"https:\/\/rdee.ca\/en\/projets-du-rdee\/emplois-au-canada\/\",\"url\":\"https:\/\/rdee.ca\/en\/projets-du-rdee\/emplois-au-canada\/\",\"name\":\"Emplois au Canada - RD\u00c9E Canada\",\"isPartOf\":{\"@id\":\"https:\/\/rdee.ca\/#website\"},\"primaryImageOfPage\":{\"@id\":\"https:\/\/rdee.ca\/en\/projets-du-rdee\/emplois-au-canada\/#primaryimage\"},\"image\":{\"@id\":\"https:\/\/rdee.ca\/en\/projets-du-rdee\/emplois-au-canada\/#primaryimage\"},\"thumbnailUrl\":\"https:\/\/rdee.ca\/wp-content\/uploads\/Logo-petit-RDEE-Canada-e1727117821236.png\",\"datePublished\":\"2022-03-30T18:01:35+00:00\",\"dateModified\":\"2022-03-30T18:01:37+00:00\",\"breadcrumb\":{\"@id\":\"https:\/\/rdee.ca\/en\/projets-du-rdee\/emplois-au-canada\/#breadcrumb\"},\"inLanguage\":\"en-US\",\"potentialAction\":[{\"@type\":\"ReadAction\",\"target\":[\"https:\/\/rdee.ca\/en\/projets-du-rdee\/emplois-au-canada\/\"]}]},{\"@type\":\"ImageObject\",\"inLanguage\":\"en-US\",\"@id\":\"https:\/\/rdee.ca\/en\/projets-du-rdee\/emplois-au-canada\/#primaryimage\",\"url\":\"https:\/\/rdee.ca\/wp-content\/uploads\/Logo-petit-RDEE-Canada-e1727117821236.png\",\"contentUrl\":\"https:\/\/rdee.ca\/wp-content\/uploads\/Logo-petit-RDEE-Canada-e1727117821236.png\",\"width\":1563,\"height\":1563},{\"@type\":\"BreadcrumbList\",\"@id\":\"https:\/\/rdee.ca\/en\/projets-du-rdee\/emplois-au-canada\/#breadcrumb\",\"itemListElement\":[{\"@type\":\"ListItem\",\"position\":1,\"name\":\"Accueil\",\"item\":\"https:\/\/rdee.ca\/en\/\"},{\"@type\":\"ListItem\",\"position\":2,\"name\":\"Projets\",\"item\":\"https:\/\/rdee.ca\/en\/projets-du-rdee\/\"},{\"@type\":\"ListItem\",\"position\":3,\"name\":\"Emplois au Canada\"}]},{\"@type\":\"WebSite\",\"@id\":\"https:\/\/rdee.ca\/#website\",\"url\":\"https:\/\/rdee.ca\/\",\"name\":\"RD\u00c9E Canada\",\"description\":\"Le leader du d\u00e9veloppement \u00e9conomique des communaut\u00e9s francophones et acadienne\",\"potentialAction\":[{\"@type\":\"SearchAction\",\"target\":{\"@type\":\"EntryPoint\",\"urlTemplate\":\"https:\/\/rdee.ca\/?s={search_term_string}\"},\"query-input\":{\"@type\":\"PropertyValueSpecification\",\"valueRequired\":true,\"valueName\":\"search_term_string\"}}],\"inLanguage\":\"en-US\"}]}<\/script>\n<!-- \/ Yoast SEO plugin. -->","yoast_head_json":{"title":"Emplois au Canada - RD\u00c9E Canada","robots":{"index":"index","follow":"follow","max-snippet":"max-snippet:-1","max-image-preview":"max-image-preview:large","max-video-preview":"max-video-preview:-1"},"canonical":"https:\/\/rdee.ca\/en\/projets-du-rdee\/emplois-au-canada\/","og_locale":"en_US","og_type":"article","og_title":"Emplois au Canada - RD\u00c9E Canada","og_description":"This page is only available in french Plateforme de r\u00e9f\u00e9rence pour les personnes immigrantes d\u00e9sirant travailler au Canada, Emplois au Canada met en relation des employeurs canadiens avec des chercheurs d&#8217;emploi qualifi\u00e9s et admissibles \u00e0 travailler au Canada. Chaque ann\u00e9e, le RD\u00c9E Canada organise les Salons virtuels de l&#8217;emploi dans diff\u00e9rents domaines de travail. Vous [&hellip;]","og_url":"https:\/\/rdee.ca\/en\/projets-du-rdee\/emplois-au-canada\/","og_site_name":"RD\u00c9E Canada","article_modified_time":"2022-03-30T18:01:37+00:00","twitter_card":"summary_large_image","twitter_misc":{"Est. reading time":"1 minute"},"schema":{"@context":"https:\/\/schema.org","@graph":[{"@type":"WebPage","@id":"https:\/\/rdee.ca\/en\/projets-du-rdee\/emplois-au-canada\/","url":"https:\/\/rdee.ca\/en\/projets-du-rdee\/emplois-au-canada\/","name":"Emplois au Canada - RD\u00c9E Canada","isPartOf":{"@id":"https:\/\/rdee.ca\/#website"},"primaryImageOfPage":{"@id":"https:\/\/rdee.ca\/en\/projets-du-rdee\/emplois-au-canada\/#primaryimage"},"image":{"@id":"https:\/\/rdee.ca\/en\/projets-du-rdee\/emplois-au-canada\/#primaryimage"},"thumbnailUrl":"https:\/\/rdee.ca\/wp-content\/uploads\/Logo-petit-RDEE-Canada-e1727117821236.png","datePublished":"2022-03-30T18:01:35+00:00","dateModified":"2022-03-30T18:01:37+00:00","breadcrumb":{"@id":"https:\/\/rdee.ca\/en\/projets-du-rdee\/emplois-au-canada\/#breadcrumb"},"inLanguage":"en-US","potentialAction":[{"@type":"ReadAction","target":["https:\/\/rdee.ca\/en\/projets-du-rdee\/emplois-au-canada\/"]}]},{"@type":"ImageObject","inLanguage":"en-US","@id":"https:\/\/rdee.ca\/en\/projets-du-rdee\/emplois-au-canada\/#primaryimage","url":"https:\/\/rdee.ca\/wp-content\/uploads\/Logo-petit-RDEE-Canada-e1727117821236.png","contentUrl":"https:\/\/rdee.ca\/wp-content\/uploads\/Logo-petit-RDEE-Canada-e1727117821236.png","width":1563,"height":1563},{"@type":"BreadcrumbList","@id":"https:\/\/rdee.ca\/en\/projets-du-rdee\/emplois-au-canada\/#breadcrumb","itemListElement":[{"@type":"ListItem","position":1,"name":"Accueil","item":"https:\/\/rdee.ca\/en\/"},{"@type":"ListItem","position":2,"name":"Projets","item":"https:\/\/rdee.ca\/en\/projets-du-rdee\/"},{"@type":"ListItem","position":3,"name":"Emplois au Canada"}]},{"@type":"WebSite","@id":"https:\/\/rdee.ca\/#website","url":"https:\/\/rdee.ca\/","name":"RD\u00c9E Canada","description":"Le leader du d\u00e9veloppement \u00e9conomique des communaut\u00e9s francophones et acadienne","potentialAction":[{"@type":"SearchAction","target":{"@type":"EntryPoint","urlTemplate":"https:\/\/rdee.ca\/?s={search_term_string}"},"query-input":{"@type":"PropertyValueSpecification","valueRequired":true,"valueName":"search_term_string"}}],"inLanguage":"en-US"}]}},"publishpress_future_action":{"enabled":false,"date":"2026-04-12 15:38:43","action":"change-status","newStatus":"draft","terms":[],"taxonomy":"translation_priority","extraData":[]},"publishpress_future_workflow_manual_trigger":{"enabledWorkflows":[]},"_links":{"self":[{"href":"https:\/\/rdee.ca\/en\/wp-json\/wp\/v2\/pages\/8351","targetHints":{"allow":["GET"]}}],"collection":[{"href":"https:\/\/rdee.ca\/en\/wp-json\/wp\/v2\/pages"}],"about":[{"href":"https:\/\/rdee.ca\/en\/wp-json\/wp\/v2\/types\/page"}],"author":[{"embeddable":true,"href":"https:\/\/rdee.ca\/en\/wp-json\/wp\/v2\/users\/20"}],"replies":[{"embeddable":true,"href":"https:\/\/rdee.ca\/en\/wp-json\/wp\/v2\/comments?post=8351"}],"version-history":[{"count":0,"href":"https:\/\/rdee.ca\/en\/wp-json\/wp\/v2\/pages\/8351\/revisions"}],"up":[{"embeddable":true,"href":"https:\/\/rdee.ca\/en\/wp-json\/wp\/v2\/pages\/3572"}],"wp:featuredmedia":[{"embeddable":true,"href":"https:\/\/rdee.ca\/en\/wp-json\/wp\/v2\/media\/10388"}],"wp:attachment":[{"href":"https:\/\/rdee.ca\/en\/wp-json\/wp\/v2\/media?parent=8351"}],"curies":[{"name":"wp","href":"https:\/\/api.w.org\/{rel}","templated":true}]}}