{"id":3592,"date":"2019-04-11T15:22:56","date_gmt":"2019-04-11T19:22:56","guid":{"rendered":"http:\/\/staging.rdeecanada.flywheelsites.com\/discover\/offres-demploi\/"},"modified":"2024-10-30T14:13:40","modified_gmt":"2024-10-30T18:13:40","slug":"job-postings","status":"publish","type":"page","link":"https:\/\/rdee.ca\/en\/discover\/job-postings\/","title":{"rendered":"Job postings"},"content":{"rendered":"\t\t<div data-elementor-type=\"wp-page\" data-elementor-id=\"3592\" class=\"elementor elementor-3592 elementor-29\" data-elementor-post-type=\"page\">\n\t\t\t\t\t\t<section class=\"elementor-section elementor-top-section elementor-element elementor-element-dcef299 elementor-section-boxed elementor-section-height-default elementor-section-height-default\" data-id=\"dcef299\" data-element_type=\"section\" data-settings=\"{&quot;jet_parallax_layout_list&quot;:[{&quot;jet_parallax_layout_image&quot;:{&quot;url&quot;:&quot;&quot;,&quot;id&quot;:&quot;&quot;,&quot;size&quot;:&quot;&quot;},&quot;_id&quot;:&quot;536a023&quot;,&quot;jet_parallax_layout_image_laptop&quot;:{&quot;url&quot;:&quot;&quot;,&quot;id&quot;:&quot;&quot;,&quot;size&quot;:&quot;&quot;},&quot;jet_parallax_layout_image_tablet_extra&quot;:{&quot;url&quot;:&quot;&quot;,&quot;id&quot;:&quot;&quot;,&quot;size&quot;:&quot;&quot;},&quot;jet_parallax_layout_image_tablet&quot;:{&quot;url&quot;:&quot;&quot;,&quot;id&quot;:&quot;&quot;,&quot;size&quot;:&quot;&quot;},&quot;jet_parallax_layout_image_mobile_extra&quot;:{&quot;url&quot;:&quot;&quot;,&quot;id&quot;:&quot;&quot;,&quot;size&quot;:&quot;&quot;},&quot;jet_parallax_layout_image_mobile&quot;:{&quot;url&quot;:&quot;&quot;,&quot;id&quot;:&quot;&quot;,&quot;size&quot;:&quot;&quot;},&quot;jet_parallax_layout_speed&quot;:{&quot;unit&quot;:&quot;%&quot;,&quot;size&quot;:50,&quot;sizes&quot;:[]},&quot;jet_parallax_layout_type&quot;:&quot;scroll&quot;,&quot;jet_parallax_layout_direction&quot;:&quot;1&quot;,&quot;jet_parallax_layout_fx_direction&quot;:null,&quot;jet_parallax_layout_z_index&quot;:&quot;&quot;,&quot;jet_parallax_layout_bg_x&quot;:50,&quot;jet_parallax_layout_bg_x_laptop&quot;:&quot;&quot;,&quot;jet_parallax_layout_bg_x_tablet_extra&quot;:&quot;&quot;,&quot;jet_parallax_layout_bg_x_tablet&quot;:&quot;&quot;,&quot;jet_parallax_layout_bg_x_mobile_extra&quot;:&quot;&quot;,&quot;jet_parallax_layout_bg_x_mobile&quot;:&quot;&quot;,&quot;jet_parallax_layout_bg_y&quot;:50,&quot;jet_parallax_layout_bg_y_laptop&quot;:&quot;&quot;,&quot;jet_parallax_layout_bg_y_tablet_extra&quot;:&quot;&quot;,&quot;jet_parallax_layout_bg_y_tablet&quot;:&quot;&quot;,&quot;jet_parallax_layout_bg_y_mobile_extra&quot;:&quot;&quot;,&quot;jet_parallax_layout_bg_y_mobile&quot;:&quot;&quot;,&quot;jet_parallax_layout_bg_size&quot;:&quot;auto&quot;,&quot;jet_parallax_layout_bg_size_laptop&quot;:&quot;&quot;,&quot;jet_parallax_layout_bg_size_tablet_extra&quot;:&quot;&quot;,&quot;jet_parallax_layout_bg_size_tablet&quot;:&quot;&quot;,&quot;jet_parallax_layout_bg_size_mobile_extra&quot;:&quot;&quot;,&quot;jet_parallax_layout_bg_size_mobile&quot;:&quot;&quot;,&quot;jet_parallax_layout_animation_prop&quot;:&quot;transform&quot;,&quot;jet_parallax_layout_on&quot;:[&quot;desktop&quot;,&quot;tablet&quot;]}]}\">\n\t\t\t\t\t\t<div class=\"elementor-container elementor-column-gap-default\">\n\t\t\t\t\t<div class=\"elementor-column elementor-col-100 elementor-top-column elementor-element elementor-element-6f9fe24\" data-id=\"6f9fe24\" data-element_type=\"column\">\n\t\t\t<div class=\"elementor-widget-wrap elementor-element-populated\">\n\t\t\t\t\t\t<div class=\"elementor-element elementor-element-157900b elementor-widget elementor-widget-global elementor-global-3936 elementor-widget-text-editor\" data-id=\"157900b\" data-element_type=\"widget\" data-widget_type=\"text-editor.default\">\n\t\t\t\t<div class=\"elementor-widget-container\">\n\t\t\t\t\t\t\t\t\t<p><em>This page is only available in french<\/em><\/p>\t\t\t\t\t\t\t\t<\/div>\n\t\t\t\t<\/div>\n\t\t\t\t<div class=\"elementor-element elementor-element-73822fc elementor-widget elementor-widget-heading\" data-id=\"73822fc\" data-element_type=\"widget\" data-widget_type=\"heading.default\">\n\t\t\t\t<div class=\"elementor-widget-container\">\n\t\t\t\t\t<h2 class=\"elementor-heading-title elementor-size-default\">Thank you for your interest ! Follow us regularly to find out about our updates<\/h2>\t\t\t\t<\/div>\n\t\t\t\t<\/div>\n\t\t\t\t<div class=\"elementor-element elementor-element-11912bd elementor-widget elementor-widget-jet-listing-grid\" data-id=\"11912bd\" data-element_type=\"widget\" data-settings=\"{&quot;columns&quot;:&quot;1&quot;}\" data-widget_type=\"jet-listing-grid.default\">\n\t\t\t\t<div class=\"elementor-widget-container\">\n\t\t\t\t\t<div class=\"jet-listing-grid jet-listing\"><div class=\"jet-listing-not-found jet-listing-grid__items\" data-nav=\"{&quot;enabled&quot;:true,&quot;type&quot;:&quot;scroll&quot;,&quot;more_el&quot;:null,&quot;query&quot;:{&quot;post_status&quot;:[&quot;publish&quot;],&quot;post_type&quot;:&quot;offres-demploi&quot;,&quot;posts_per_page&quot;:&quot;6&quot;,&quot;paged&quot;:&quot;1&quot;,&quot;ignore_sticky_posts&quot;:&quot;1&quot;,&quot;suppress_filters&quot;:false,&quot;jet_smart_filters&quot;:&quot;jet-engine\\\/default&quot;},&quot;widget_settings&quot;:{&quot;lisitng_id&quot;:3353,&quot;posts_num&quot;:6,&quot;columns&quot;:1,&quot;columns_tablet&quot;:1,&quot;columns_mobile&quot;:1,&quot;column_min_width&quot;:240,&quot;column_min_width_tablet&quot;:240,&quot;column_min_width_mobile&quot;:240,&quot;inline_columns_css&quot;:false,&quot;is_archive_template&quot;:&quot;&quot;,&quot;post_status&quot;:[&quot;publish&quot;],&quot;use_random_posts_num&quot;:&quot;&quot;,&quot;max_posts_num&quot;:9,&quot;not_found_message&quot;:&quot;No data was found&quot;,&quot;is_masonry&quot;:false,&quot;equal_columns_height&quot;:&quot;&quot;,&quot;use_load_more&quot;:&quot;yes&quot;,&quot;load_more_id&quot;:&quot;&quot;,&quot;load_more_type&quot;:&quot;scroll&quot;,&quot;load_more_offset&quot;:{&quot;unit&quot;:&quot;px&quot;,&quot;size&quot;:0,&quot;sizes&quot;:[]},&quot;use_custom_post_types&quot;:&quot;&quot;,&quot;custom_post_types&quot;:[],&quot;hide_widget_if&quot;:&quot;&quot;,&quot;carousel_enabled&quot;:&quot;&quot;,&quot;slides_to_scroll&quot;:&quot;1&quot;,&quot;arrows&quot;:&quot;true&quot;,&quot;arrow_icon&quot;:&quot;fa fa-angle-left&quot;,&quot;dots&quot;:&quot;&quot;,&quot;autoplay&quot;:&quot;true&quot;,&quot;pause_on_hover&quot;:&quot;true&quot;,&quot;autoplay_speed&quot;:5000,&quot;infinite&quot;:&quot;true&quot;,&quot;center_mode&quot;:&quot;&quot;,&quot;effect&quot;:&quot;slide&quot;,&quot;speed&quot;:500,&quot;inject_alternative_items&quot;:&quot;&quot;,&quot;injection_items&quot;:[],&quot;scroll_slider_enabled&quot;:&quot;&quot;,&quot;scroll_slider_on&quot;:[&quot;desktop&quot;,&quot;tablet&quot;,&quot;mobile&quot;],&quot;custom_query&quot;:false,&quot;custom_query_id&quot;:&quot;&quot;,&quot;_element_id&quot;:&quot;&quot;,&quot;collapse_first_last_gap&quot;:false,&quot;list_tag_selection&quot;:&quot;&quot;,&quot;list_items_wrapper_tag&quot;:&quot;div&quot;,&quot;list_item_tag&quot;:&quot;div&quot;,&quot;empty_items_wrapper_tag&quot;:&quot;div&quot;}}\" data-listing-source=\"posts\" data-listing-id=\"3353\" data-query-id=\"\" data-queried-id=\"3592|WP_Post\">No data was found<\/div><\/div>\t\t\t\t<\/div>\n\t\t\t\t<\/div>\n\t\t\t\t\t<\/div>\n\t\t<\/div>\n\t\t\t\t\t<\/div>\n\t\t<\/section>\n\t\t\t\t<\/div>\n\t\t","protected":false},"excerpt":{"rendered":"<p>This page is only available in french Thank you for your interest ! Follow us regularly to find out about our updates Agent(e) aux op\u00e9rations et finances &#8211; Poste \u00e0 dur\u00e9e d\u00e9termin\u00e9e avec possibilit\u00e9 de renouvellement Date d\u2019\u00e9ch\u00e9ance : 8 November 2024 Consultez l\u2019offre<\/p>\n","protected":false},"author":1,"featured_media":10388,"parent":3556,"menu_order":0,"comment_status":"closed","ping_status":"closed","template":"","meta":{"_acf_changed":false,"footnotes":""},"class_list":["post-3592","page","type-page","status-publish","has-post-thumbnail","hentry"],"acf":[],"yoast_head":"<!-- This site is optimized with the Yoast SEO plugin v25.7 - https:\/\/yoast.com\/wordpress\/plugins\/seo\/ -->\n<title>Job postings - RD\u00c9E Canada<\/title>\n<meta name=\"robots\" content=\"index, follow, max-snippet:-1, max-image-preview:large, max-video-preview:-1\" \/>\n<link rel=\"canonical\" href=\"https:\/\/rdee.ca\/rdee-canada\/offres-demploi\/\" \/>\n<meta property=\"og:locale\" content=\"en_US\" \/>\n<meta property=\"og:type\" content=\"article\" \/>\n<meta property=\"og:title\" content=\"Job postings - RD\u00c9E Canada\" \/>\n<meta property=\"og:description\" content=\"This page is only available in french Thank you for your interest ! Follow us regularly to find out about our updates Agent(e) aux op\u00e9rations et finances &#8211; Poste \u00e0 dur\u00e9e d\u00e9termin\u00e9e avec possibilit\u00e9 de renouvellement Date d\u2019\u00e9ch\u00e9ance : 8 November 2024 Consultez l\u2019offre\" \/>\n<meta property=\"og:url\" content=\"https:\/\/rdee.ca\/rdee-canada\/offres-demploi\/\" \/>\n<meta property=\"og:site_name\" content=\"RD\u00c9E Canada\" \/>\n<meta property=\"article:modified_time\" content=\"2024-10-30T18:13:40+00:00\" \/>\n<meta property=\"og:image\" content=\"https:\/\/rdee.ca\/wp-content\/uploads\/Logo-petit-RDEE-Canada-e1727117821236.png\" \/>\n\t<meta property=\"og:image:width\" content=\"1563\" \/>\n\t<meta property=\"og:image:height\" content=\"1563\" \/>\n\t<meta property=\"og:image:type\" content=\"image\/png\" \/>\n<meta name=\"twitter:card\" content=\"summary_large_image\" \/>\n<meta name=\"twitter:label1\" content=\"Est. reading time\" \/>\n\t<meta name=\"twitter:data1\" content=\"1 minute\" \/>\n<script type=\"application\/ld+json\" class=\"yoast-schema-graph\">{\"@context\":\"https:\/\/schema.org\",\"@graph\":[{\"@type\":\"WebPage\",\"@id\":\"https:\/\/rdee.ca\/rdee-canada\/offres-demploi\/\",\"url\":\"https:\/\/rdee.ca\/rdee-canada\/offres-demploi\/\",\"name\":\"Job postings - RD\u00c9E Canada\",\"isPartOf\":{\"@id\":\"https:\/\/rdee.ca\/#website\"},\"primaryImageOfPage\":{\"@id\":\"https:\/\/rdee.ca\/rdee-canada\/offres-demploi\/#primaryimage\"},\"image\":{\"@id\":\"https:\/\/rdee.ca\/rdee-canada\/offres-demploi\/#primaryimage\"},\"thumbnailUrl\":\"https:\/\/rdee.ca\/wp-content\/uploads\/Logo-petit-RDEE-Canada-e1727117821236.png\",\"datePublished\":\"2019-04-11T19:22:56+00:00\",\"dateModified\":\"2024-10-30T18:13:40+00:00\",\"breadcrumb\":{\"@id\":\"https:\/\/rdee.ca\/rdee-canada\/offres-demploi\/#breadcrumb\"},\"inLanguage\":\"en-US\",\"potentialAction\":[{\"@type\":\"ReadAction\",\"target\":[\"https:\/\/rdee.ca\/rdee-canada\/offres-demploi\/\"]}]},{\"@type\":\"ImageObject\",\"inLanguage\":\"en-US\",\"@id\":\"https:\/\/rdee.ca\/rdee-canada\/offres-demploi\/#primaryimage\",\"url\":\"https:\/\/rdee.ca\/wp-content\/uploads\/Logo-petit-RDEE-Canada-e1727117821236.png\",\"contentUrl\":\"https:\/\/rdee.ca\/wp-content\/uploads\/Logo-petit-RDEE-Canada-e1727117821236.png\",\"width\":1563,\"height\":1563},{\"@type\":\"BreadcrumbList\",\"@id\":\"https:\/\/rdee.ca\/rdee-canada\/offres-demploi\/#breadcrumb\",\"itemListElement\":[{\"@type\":\"ListItem\",\"position\":1,\"name\":\"Accueil\",\"item\":\"https:\/\/rdee.ca\/en\/\"},{\"@type\":\"ListItem\",\"position\":2,\"name\":\"RD\u00c9E Canada\",\"item\":\"https:\/\/rdee.ca\/rdee-canada\/\"},{\"@type\":\"ListItem\",\"position\":3,\"name\":\"Job postings\"}]},{\"@type\":\"WebSite\",\"@id\":\"https:\/\/rdee.ca\/#website\",\"url\":\"https:\/\/rdee.ca\/\",\"name\":\"RD\u00c9E Canada\",\"description\":\"Le leader du d\u00e9veloppement \u00e9conomique des communaut\u00e9s francophones et acadienne\",\"potentialAction\":[{\"@type\":\"SearchAction\",\"target\":{\"@type\":\"EntryPoint\",\"urlTemplate\":\"https:\/\/rdee.ca\/?s={search_term_string}\"},\"query-input\":{\"@type\":\"PropertyValueSpecification\",\"valueRequired\":true,\"valueName\":\"search_term_string\"}}],\"inLanguage\":\"en-US\"}]}<\/script>\n<!-- \/ Yoast SEO plugin. -->","yoast_head_json":{"title":"Job postings - RD\u00c9E Canada","robots":{"index":"index","follow":"follow","max-snippet":"max-snippet:-1","max-image-preview":"max-image-preview:large","max-video-preview":"max-video-preview:-1"},"canonical":"https:\/\/rdee.ca\/rdee-canada\/offres-demploi\/","og_locale":"en_US","og_type":"article","og_title":"Job postings - RD\u00c9E Canada","og_description":"This page is only available in french Thank you for your interest ! Follow us regularly to find out about our updates Agent(e) aux op\u00e9rations et finances &#8211; Poste \u00e0 dur\u00e9e d\u00e9termin\u00e9e avec possibilit\u00e9 de renouvellement Date d\u2019\u00e9ch\u00e9ance : 8 November 2024 Consultez l\u2019offre","og_url":"https:\/\/rdee.ca\/rdee-canada\/offres-demploi\/","og_site_name":"RD\u00c9E Canada","article_modified_time":"2024-10-30T18:13:40+00:00","og_image":[{"width":1563,"height":1563,"url":"https:\/\/rdee.ca\/wp-content\/uploads\/Logo-petit-RDEE-Canada-e1727117821236.png","type":"image\/png"}],"twitter_card":"summary_large_image","twitter_misc":{"Est. reading time":"1 minute"},"schema":{"@context":"https:\/\/schema.org","@graph":[{"@type":"WebPage","@id":"https:\/\/rdee.ca\/rdee-canada\/offres-demploi\/","url":"https:\/\/rdee.ca\/rdee-canada\/offres-demploi\/","name":"Job postings - RD\u00c9E Canada","isPartOf":{"@id":"https:\/\/rdee.ca\/#website"},"primaryImageOfPage":{"@id":"https:\/\/rdee.ca\/rdee-canada\/offres-demploi\/#primaryimage"},"image":{"@id":"https:\/\/rdee.ca\/rdee-canada\/offres-demploi\/#primaryimage"},"thumbnailUrl":"https:\/\/rdee.ca\/wp-content\/uploads\/Logo-petit-RDEE-Canada-e1727117821236.png","datePublished":"2019-04-11T19:22:56+00:00","dateModified":"2024-10-30T18:13:40+00:00","breadcrumb":{"@id":"https:\/\/rdee.ca\/rdee-canada\/offres-demploi\/#breadcrumb"},"inLanguage":"en-US","potentialAction":[{"@type":"ReadAction","target":["https:\/\/rdee.ca\/rdee-canada\/offres-demploi\/"]}]},{"@type":"ImageObject","inLanguage":"en-US","@id":"https:\/\/rdee.ca\/rdee-canada\/offres-demploi\/#primaryimage","url":"https:\/\/rdee.ca\/wp-content\/uploads\/Logo-petit-RDEE-Canada-e1727117821236.png","contentUrl":"https:\/\/rdee.ca\/wp-content\/uploads\/Logo-petit-RDEE-Canada-e1727117821236.png","width":1563,"height":1563},{"@type":"BreadcrumbList","@id":"https:\/\/rdee.ca\/rdee-canada\/offres-demploi\/#breadcrumb","itemListElement":[{"@type":"ListItem","position":1,"name":"Accueil","item":"https:\/\/rdee.ca\/en\/"},{"@type":"ListItem","position":2,"name":"RD\u00c9E Canada","item":"https:\/\/rdee.ca\/rdee-canada\/"},{"@type":"ListItem","position":3,"name":"Job postings"}]},{"@type":"WebSite","@id":"https:\/\/rdee.ca\/#website","url":"https:\/\/rdee.ca\/","name":"RD\u00c9E Canada","description":"Le leader du d\u00e9veloppement \u00e9conomique des communaut\u00e9s francophones et acadienne","potentialAction":[{"@type":"SearchAction","target":{"@type":"EntryPoint","urlTemplate":"https:\/\/rdee.ca\/?s={search_term_string}"},"query-input":{"@type":"PropertyValueSpecification","valueRequired":true,"valueName":"search_term_string"}}],"inLanguage":"en-US"}]}},"publishpress_future_action":{"enabled":false,"date":"2026-04-15 21:31:51","action":"change-status","newStatus":"draft","terms":[],"taxonomy":"translation_priority","extraData":[]},"publishpress_future_workflow_manual_trigger":{"enabledWorkflows":[]},"_links":{"self":[{"href":"https:\/\/rdee.ca\/en\/wp-json\/wp\/v2\/pages\/3592","targetHints":{"allow":["GET"]}}],"collection":[{"href":"https:\/\/rdee.ca\/en\/wp-json\/wp\/v2\/pages"}],"about":[{"href":"https:\/\/rdee.ca\/en\/wp-json\/wp\/v2\/types\/page"}],"author":[{"embeddable":true,"href":"https:\/\/rdee.ca\/en\/wp-json\/wp\/v2\/users\/1"}],"replies":[{"embeddable":true,"href":"https:\/\/rdee.ca\/en\/wp-json\/wp\/v2\/comments?post=3592"}],"version-history":[{"count":0,"href":"https:\/\/rdee.ca\/en\/wp-json\/wp\/v2\/pages\/3592\/revisions"}],"up":[{"embeddable":true,"href":"https:\/\/rdee.ca\/en\/wp-json\/wp\/v2\/pages\/3556"}],"wp:featuredmedia":[{"embeddable":true,"href":"https:\/\/rdee.ca\/en\/wp-json\/wp\/v2\/media\/10388"}],"wp:attachment":[{"href":"https:\/\/rdee.ca\/en\/wp-json\/wp\/v2\/media?parent=3592"}],"curies":[{"name":"wp","href":"https:\/\/api.w.org\/{rel}","templated":true}]}}