{"id":3584,"date":"2019-04-11T15:24:40","date_gmt":"2019-04-11T19:24:40","guid":{"rendered":"http:\/\/staging.rdeecanada.flywheelsites.com\/francophonie-economique-canadienne\/"},"modified":"2022-04-01T14:44:31","modified_gmt":"2022-04-01T18:44:31","slug":"canadas-economic-francophonie","status":"publish","type":"page","link":"https:\/\/rdee.ca\/en\/enjeux\/canadas-economic-francophonie\/","title":{"rendered":"Canada\u2019s economic Francophonie"},"content":{"rendered":"\t\t<div data-elementor-type=\"wp-post\" data-elementor-id=\"3584\" class=\"elementor elementor-3584 elementor-39\" data-elementor-post-type=\"page\">\n\t\t\t\t\t\t<section class=\"elementor-section elementor-top-section elementor-element elementor-element-868ea06 elementor-section-boxed elementor-section-height-default elementor-section-height-default\" data-id=\"868ea06\" data-element_type=\"section\" data-settings=\"{&quot;jet_parallax_layout_list&quot;:[{&quot;jet_parallax_layout_image&quot;:{&quot;url&quot;:&quot;&quot;,&quot;id&quot;:&quot;&quot;,&quot;size&quot;:&quot;&quot;},&quot;_id&quot;:&quot;536a023&quot;,&quot;jet_parallax_layout_image_laptop&quot;:{&quot;url&quot;:&quot;&quot;,&quot;id&quot;:&quot;&quot;,&quot;size&quot;:&quot;&quot;},&quot;jet_parallax_layout_image_tablet_extra&quot;:{&quot;url&quot;:&quot;&quot;,&quot;id&quot;:&quot;&quot;,&quot;size&quot;:&quot;&quot;},&quot;jet_parallax_layout_image_tablet&quot;:{&quot;url&quot;:&quot;&quot;,&quot;id&quot;:&quot;&quot;,&quot;size&quot;:&quot;&quot;},&quot;jet_parallax_layout_image_mobile_extra&quot;:{&quot;url&quot;:&quot;&quot;,&quot;id&quot;:&quot;&quot;,&quot;size&quot;:&quot;&quot;},&quot;jet_parallax_layout_image_mobile&quot;:{&quot;url&quot;:&quot;&quot;,&quot;id&quot;:&quot;&quot;,&quot;size&quot;:&quot;&quot;},&quot;jet_parallax_layout_speed&quot;:{&quot;unit&quot;:&quot;%&quot;,&quot;size&quot;:50,&quot;sizes&quot;:[]},&quot;jet_parallax_layout_type&quot;:&quot;scroll&quot;,&quot;jet_parallax_layout_direction&quot;:&quot;1&quot;,&quot;jet_parallax_layout_fx_direction&quot;:null,&quot;jet_parallax_layout_z_index&quot;:&quot;&quot;,&quot;jet_parallax_layout_bg_x&quot;:50,&quot;jet_parallax_layout_bg_x_laptop&quot;:&quot;&quot;,&quot;jet_parallax_layout_bg_x_tablet_extra&quot;:&quot;&quot;,&quot;jet_parallax_layout_bg_x_tablet&quot;:&quot;&quot;,&quot;jet_parallax_layout_bg_x_mobile_extra&quot;:&quot;&quot;,&quot;jet_parallax_layout_bg_x_mobile&quot;:&quot;&quot;,&quot;jet_parallax_layout_bg_y&quot;:50,&quot;jet_parallax_layout_bg_y_laptop&quot;:&quot;&quot;,&quot;jet_parallax_layout_bg_y_tablet_extra&quot;:&quot;&quot;,&quot;jet_parallax_layout_bg_y_tablet&quot;:&quot;&quot;,&quot;jet_parallax_layout_bg_y_mobile_extra&quot;:&quot;&quot;,&quot;jet_parallax_layout_bg_y_mobile&quot;:&quot;&quot;,&quot;jet_parallax_layout_bg_size&quot;:&quot;auto&quot;,&quot;jet_parallax_layout_bg_size_laptop&quot;:&quot;&quot;,&quot;jet_parallax_layout_bg_size_tablet_extra&quot;:&quot;&quot;,&quot;jet_parallax_layout_bg_size_tablet&quot;:&quot;&quot;,&quot;jet_parallax_layout_bg_size_mobile_extra&quot;:&quot;&quot;,&quot;jet_parallax_layout_bg_size_mobile&quot;:&quot;&quot;,&quot;jet_parallax_layout_animation_prop&quot;:&quot;transform&quot;,&quot;jet_parallax_layout_on&quot;:[&quot;desktop&quot;,&quot;tablet&quot;]}]}\">\n\t\t\t\t\t\t<div class=\"elementor-container elementor-column-gap-default\">\n\t\t\t\t\t<div class=\"elementor-column elementor-col-100 elementor-top-column elementor-element elementor-element-56b1c99 elementor-invisible\" data-id=\"56b1c99\" data-element_type=\"column\" data-settings=\"{&quot;animation&quot;:&quot;fadeIn&quot;}\">\n\t\t\t<div class=\"elementor-widget-wrap elementor-element-populated\">\n\t\t\t\t\t\t<div class=\"elementor-element elementor-element-8f0da9a elementor-widget elementor-widget-text-editor\" data-id=\"8f0da9a\" data-element_type=\"widget\" data-widget_type=\"text-editor.default\">\n\t\t\t\t<div class=\"elementor-widget-container\">\n\t\t\t\t\t\t\t\t\tCanada&#8217;s 430,000 Francophone businesses account for no less than 19.5% of Canada\u2019s GDP! They contribute $130 billion in additional economic activity outside Quebec. According to Statistics Canada, every dollar of GDP from Canada\u2019s Francophone economic space contributes an estimated $1.52 to Canada\u2019s overall GDP.\r\n\r\nIn Canada, French has a multiplying factor of 1.6 on trade with French-speaking countries. For example, in 2011, trade increased by $3.5 billion because of French in Canada. (Source: Conference Board).\r\n\r\nThere is a strong cultural and tourism industry controlled by Francophone minorities.\r\n\r\nRD\u00c9E Canada wants to help Francophone businesses contribute more to this wealth. To that end, the organization, together with the members of its Network, is working on ways to provide a wide range of services to Francophone businesses. Each member organization is a unique gateway for doing business in French and has a good knowledge of its community and the businesses that operate there. In nine provinces and three territories, RD\u00c9E Canada&#8217;s members will support you in bringing your business project to fruition.\r\n\r\nEvery year, on average, close to 20,000 entrepreneurs participate directly in one of the activities carried out or coordinated by member organizations. According to our socio-economic impact study, in 2018, the number of businesses benefiting from Network programs and the annual number of new employees (who are not Network beneficiaries) of beneficiary businesses grew by 66% and 33% respectively.\t\t\t\t\t\t\t\t<\/div>\n\t\t\t\t<\/div>\n\t\t\t\t<div class=\"elementor-element elementor-element-7914008 elementor-widget elementor-widget-text-editor\" data-id=\"7914008\" data-element_type=\"widget\" data-widget_type=\"text-editor.default\">\n\t\t\t\t<div class=\"elementor-widget-container\">\n\t\t\t\t\t\t\t\t\tWithin Canada\u2019s economic Francophonie, RD\u00c9E Canada and the members of its Network have taken a reflective approach and adopted an innovation-based research\/action and development strategy, with two main focuses.\r\n<ul>\r\n \t<li><strong>Focus 1: Support the start-up, expansion, consolidation and succession of small and medium-sized enterprises<\/strong><\/li>\r\n \t<li><strong>Focus 2: Establish and cultivate interprovincial and international business development strategies<\/strong><\/li>\r\n<\/ul>\r\n<h4>Objective 1:<\/h4>\r\nHave private and social enterprises that are sustainable, efficient and diversified and are majority-owned by members of the official language minority.\r\n\r\n<span style=\"color: #d82929;\"><strong>How? <\/strong><\/span>By increasing participation in community economic development and entrepreneurship promotion activities, and by supporting the creation, consolidation and development of small and medium-sized enterprises (SMEs).\r\n<h4>Objective 2<\/h4>\r\nStrengthen the capacity of Francophone and Acadian communities to seize business opportunities where English-French bilingualism is an added value.\r\n\r\n<span style=\"color: #d82929;\"><strong>How?<\/strong><\/span> By investing in the development and implementation of a national trade and investment strategy to enable Francophone and Acadian communities to take advantage of their assets. This strategy must include economic measures to help establish and cultivate interprovincial and international business relationships for SMEs in markets where the Francophone asset translates into a tangible economic advantage. The strategy must also make it possible to take full advantage of the relationships of trust that immigrants have with the French-speaking country or region from which they came by developing and implementing a strategy to match business owners (sellers) with the next generation (buyers), along with an awareness plan that reflects the socio-economic realities of the Francophone and Acadian communities.\r\n<h4>Objective 3:<\/h4>\r\nStimulate the commitment and investments of a greater number of economic development and employability partners, particularly around priority issues.\r\n\r\n<span style=\"color: #d82929;\"><strong>How?<\/strong><\/span> By increasing economic initiatives with Quebec to boost synergy and catalyze partnerships, so that Canada\u2019s economic Francophonie forms a strong economic block, able to maximize its business networks and alliances.\t\t\t\t\t\t\t\t<\/div>\n\t\t\t\t<\/div>\n\t\t\t\t<div class=\"elementor-element elementor-element-731f1a5 elementor-widget elementor-widget-heading\" data-id=\"731f1a5\" data-element_type=\"widget\" data-widget_type=\"heading.default\">\n\t\t\t\t<div class=\"elementor-widget-container\">\n\t\t\t\t\t<h3 class=\"elementor-heading-title elementor-size-default\">RD\u00c9E Canada is a major partner of the International Economic Forum of the Americas.<\/h3>\t\t\t\t<\/div>\n\t\t\t\t<\/div>\n\t\t\t\t<div class=\"elementor-element elementor-element-a8ae9c9 elementor-widget elementor-widget-image\" data-id=\"a8ae9c9\" data-element_type=\"widget\" data-widget_type=\"image.default\">\n\t\t\t\t<div class=\"elementor-widget-container\">\n\t\t\t\t\t\t\t\t\t\t\t\t\t\t\t\t<a href=\"https:\/\/forum-americas.org\/\" target=\"_blank\">\n\t\t\t\t\t\t\t<img fetchpriority=\"high\" decoding=\"async\" width=\"800\" height=\"267\" src=\"https:\/\/rdee.ca\/wp-content\/uploads\/Forum4villesBILINGUE-1200x400.jpg\" class=\"attachment-large size-large wp-image-3655\" alt=\"Logo Forum \u00e9conomique\" srcset=\"https:\/\/rdee.ca\/wp-content\/uploads\/Forum4villesBILINGUE-1200x400.jpg 1200w, https:\/\/rdee.ca\/wp-content\/uploads\/Forum4villesBILINGUE-600x200.jpg 600w, https:\/\/rdee.ca\/wp-content\/uploads\/Forum4villesBILINGUE-768x256.jpg 768w, https:\/\/rdee.ca\/wp-content\/uploads\/Forum4villesBILINGUE-1536x513.jpg 1536w, https:\/\/rdee.ca\/wp-content\/uploads\/Forum4villesBILINGUE.jpg 1780w\" sizes=\"(max-width: 800px) 100vw, 800px\" \/>\t\t\t\t\t\t\t\t<\/a>\n\t\t\t\t\t\t\t\t\t\t\t\t\t\t\t<\/div>\n\t\t\t\t<\/div>\n\t\t\t\t\t<\/div>\n\t\t<\/div>\n\t\t\t\t\t<\/div>\n\t\t<\/section>\n\t\t\t\t<\/div>\n\t\t","protected":false},"excerpt":{"rendered":"<p>Francophone economic corridor Canada&#8217;s 430,000 Francophone businesses account for no less than 19.5% of Canada\u2019s GDP! They contribute $130 billion in additional economic activity outside Quebec. According to Statistics Canada, every dollar of GDP from Canada\u2019s Francophone economic space contributes an estimated $1.52 to Canada\u2019s overall GDP. In Canada, French has a multiplying factor of [&hellip;]<\/p>\n","protected":false},"author":1,"featured_media":10388,"parent":3588,"menu_order":0,"comment_status":"closed","ping_status":"closed","template":"","meta":{"_acf_changed":false,"footnotes":""},"class_list":["post-3584","page","type-page","status-publish","has-post-thumbnail","hentry"],"acf":[],"yoast_head":"<!-- This site is optimized with the Yoast SEO plugin v25.7 - https:\/\/yoast.com\/wordpress\/plugins\/seo\/ -->\n<title>Canada\u2019s economic Francophonie - RD\u00c9E Canada<\/title>\n<meta name=\"robots\" content=\"index, follow, max-snippet:-1, max-image-preview:large, max-video-preview:-1\" \/>\n<link rel=\"canonical\" href=\"https:\/\/rdee.ca\/en\/enjeux\/canadas-economic-francophonie\/\" \/>\n<meta property=\"og:locale\" content=\"en_US\" \/>\n<meta property=\"og:type\" content=\"article\" \/>\n<meta property=\"og:title\" content=\"Canada\u2019s economic Francophonie - RD\u00c9E Canada\" \/>\n<meta property=\"og:description\" content=\"Francophone economic corridor Canada&#8217;s 430,000 Francophone businesses account for no less than 19.5% of Canada\u2019s GDP! They contribute $130 billion in additional economic activity outside Quebec. According to Statistics Canada, every dollar of GDP from Canada\u2019s Francophone economic space contributes an estimated $1.52 to Canada\u2019s overall GDP. In Canada, French has a multiplying factor of [&hellip;]\" \/>\n<meta property=\"og:url\" content=\"https:\/\/rdee.ca\/en\/enjeux\/canadas-economic-francophonie\/\" \/>\n<meta property=\"og:site_name\" content=\"RD\u00c9E Canada\" \/>\n<meta property=\"article:modified_time\" content=\"2022-04-01T18:44:31+00:00\" \/>\n<meta property=\"og:image\" content=\"https:\/\/rdee.ca\/wp-content\/uploads\/Forum4villesBILINGUE-1200x400.jpg\" \/>\n<meta name=\"twitter:card\" content=\"summary_large_image\" \/>\n<meta name=\"twitter:label1\" content=\"Est. reading time\" \/>\n\t<meta name=\"twitter:data1\" content=\"3 minutes\" \/>\n<script type=\"application\/ld+json\" class=\"yoast-schema-graph\">{\"@context\":\"https:\/\/schema.org\",\"@graph\":[{\"@type\":\"WebPage\",\"@id\":\"https:\/\/rdee.ca\/en\/enjeux\/canadas-economic-francophonie\/\",\"url\":\"https:\/\/rdee.ca\/en\/enjeux\/canadas-economic-francophonie\/\",\"name\":\"Canada\u2019s economic Francophonie - RD\u00c9E Canada\",\"isPartOf\":{\"@id\":\"https:\/\/rdee.ca\/#website\"},\"primaryImageOfPage\":{\"@id\":\"https:\/\/rdee.ca\/en\/enjeux\/canadas-economic-francophonie\/#primaryimage\"},\"image\":{\"@id\":\"https:\/\/rdee.ca\/en\/enjeux\/canadas-economic-francophonie\/#primaryimage\"},\"thumbnailUrl\":\"https:\/\/rdee.ca\/wp-content\/uploads\/Logo-petit-RDEE-Canada-e1727117821236.png\",\"datePublished\":\"2019-04-11T19:24:40+00:00\",\"dateModified\":\"2022-04-01T18:44:31+00:00\",\"breadcrumb\":{\"@id\":\"https:\/\/rdee.ca\/en\/enjeux\/canadas-economic-francophonie\/#breadcrumb\"},\"inLanguage\":\"en-US\",\"potentialAction\":[{\"@type\":\"ReadAction\",\"target\":[\"https:\/\/rdee.ca\/en\/enjeux\/canadas-economic-francophonie\/\"]}]},{\"@type\":\"ImageObject\",\"inLanguage\":\"en-US\",\"@id\":\"https:\/\/rdee.ca\/en\/enjeux\/canadas-economic-francophonie\/#primaryimage\",\"url\":\"https:\/\/rdee.ca\/wp-content\/uploads\/Logo-petit-RDEE-Canada-e1727117821236.png\",\"contentUrl\":\"https:\/\/rdee.ca\/wp-content\/uploads\/Logo-petit-RDEE-Canada-e1727117821236.png\",\"width\":1563,\"height\":1563},{\"@type\":\"BreadcrumbList\",\"@id\":\"https:\/\/rdee.ca\/en\/enjeux\/canadas-economic-francophonie\/#breadcrumb\",\"itemListElement\":[{\"@type\":\"ListItem\",\"position\":1,\"name\":\"Accueil\",\"item\":\"https:\/\/rdee.ca\/en\/\"},{\"@type\":\"ListItem\",\"position\":2,\"name\":\"Issues\",\"item\":\"https:\/\/rdee.ca\/en\/enjeux\/\"},{\"@type\":\"ListItem\",\"position\":3,\"name\":\"Canada\u2019s economic Francophonie\"}]},{\"@type\":\"WebSite\",\"@id\":\"https:\/\/rdee.ca\/#website\",\"url\":\"https:\/\/rdee.ca\/\",\"name\":\"RD\u00c9E Canada\",\"description\":\"Le leader du d\u00e9veloppement \u00e9conomique des communaut\u00e9s francophones et acadienne\",\"potentialAction\":[{\"@type\":\"SearchAction\",\"target\":{\"@type\":\"EntryPoint\",\"urlTemplate\":\"https:\/\/rdee.ca\/?s={search_term_string}\"},\"query-input\":{\"@type\":\"PropertyValueSpecification\",\"valueRequired\":true,\"valueName\":\"search_term_string\"}}],\"inLanguage\":\"en-US\"}]}<\/script>\n<!-- \/ Yoast SEO plugin. -->","yoast_head_json":{"title":"Canada\u2019s economic Francophonie - RD\u00c9E Canada","robots":{"index":"index","follow":"follow","max-snippet":"max-snippet:-1","max-image-preview":"max-image-preview:large","max-video-preview":"max-video-preview:-1"},"canonical":"https:\/\/rdee.ca\/en\/enjeux\/canadas-economic-francophonie\/","og_locale":"en_US","og_type":"article","og_title":"Canada\u2019s economic Francophonie - RD\u00c9E Canada","og_description":"Francophone economic corridor Canada&#8217;s 430,000 Francophone businesses account for no less than 19.5% of Canada\u2019s GDP! They contribute $130 billion in additional economic activity outside Quebec. According to Statistics Canada, every dollar of GDP from Canada\u2019s Francophone economic space contributes an estimated $1.52 to Canada\u2019s overall GDP. In Canada, French has a multiplying factor of [&hellip;]","og_url":"https:\/\/rdee.ca\/en\/enjeux\/canadas-economic-francophonie\/","og_site_name":"RD\u00c9E Canada","article_modified_time":"2022-04-01T18:44:31+00:00","og_image":[{"url":"https:\/\/rdee.ca\/wp-content\/uploads\/Forum4villesBILINGUE-1200x400.jpg","type":"","width":"","height":""}],"twitter_card":"summary_large_image","twitter_misc":{"Est. reading time":"3 minutes"},"schema":{"@context":"https:\/\/schema.org","@graph":[{"@type":"WebPage","@id":"https:\/\/rdee.ca\/en\/enjeux\/canadas-economic-francophonie\/","url":"https:\/\/rdee.ca\/en\/enjeux\/canadas-economic-francophonie\/","name":"Canada\u2019s economic Francophonie - RD\u00c9E Canada","isPartOf":{"@id":"https:\/\/rdee.ca\/#website"},"primaryImageOfPage":{"@id":"https:\/\/rdee.ca\/en\/enjeux\/canadas-economic-francophonie\/#primaryimage"},"image":{"@id":"https:\/\/rdee.ca\/en\/enjeux\/canadas-economic-francophonie\/#primaryimage"},"thumbnailUrl":"https:\/\/rdee.ca\/wp-content\/uploads\/Logo-petit-RDEE-Canada-e1727117821236.png","datePublished":"2019-04-11T19:24:40+00:00","dateModified":"2022-04-01T18:44:31+00:00","breadcrumb":{"@id":"https:\/\/rdee.ca\/en\/enjeux\/canadas-economic-francophonie\/#breadcrumb"},"inLanguage":"en-US","potentialAction":[{"@type":"ReadAction","target":["https:\/\/rdee.ca\/en\/enjeux\/canadas-economic-francophonie\/"]}]},{"@type":"ImageObject","inLanguage":"en-US","@id":"https:\/\/rdee.ca\/en\/enjeux\/canadas-economic-francophonie\/#primaryimage","url":"https:\/\/rdee.ca\/wp-content\/uploads\/Logo-petit-RDEE-Canada-e1727117821236.png","contentUrl":"https:\/\/rdee.ca\/wp-content\/uploads\/Logo-petit-RDEE-Canada-e1727117821236.png","width":1563,"height":1563},{"@type":"BreadcrumbList","@id":"https:\/\/rdee.ca\/en\/enjeux\/canadas-economic-francophonie\/#breadcrumb","itemListElement":[{"@type":"ListItem","position":1,"name":"Accueil","item":"https:\/\/rdee.ca\/en\/"},{"@type":"ListItem","position":2,"name":"Issues","item":"https:\/\/rdee.ca\/en\/enjeux\/"},{"@type":"ListItem","position":3,"name":"Canada\u2019s economic Francophonie"}]},{"@type":"WebSite","@id":"https:\/\/rdee.ca\/#website","url":"https:\/\/rdee.ca\/","name":"RD\u00c9E Canada","description":"Le leader du d\u00e9veloppement \u00e9conomique des communaut\u00e9s francophones et acadienne","potentialAction":[{"@type":"SearchAction","target":{"@type":"EntryPoint","urlTemplate":"https:\/\/rdee.ca\/?s={search_term_string}"},"query-input":{"@type":"PropertyValueSpecification","valueRequired":true,"valueName":"search_term_string"}}],"inLanguage":"en-US"}]}},"publishpress_future_action":{"enabled":false,"date":"2026-05-13 23:21:19","action":"change-status","newStatus":"draft","terms":[],"taxonomy":"translation_priority","extraData":[]},"publishpress_future_workflow_manual_trigger":{"enabledWorkflows":[]},"_links":{"self":[{"href":"https:\/\/rdee.ca\/en\/wp-json\/wp\/v2\/pages\/3584","targetHints":{"allow":["GET"]}}],"collection":[{"href":"https:\/\/rdee.ca\/en\/wp-json\/wp\/v2\/pages"}],"about":[{"href":"https:\/\/rdee.ca\/en\/wp-json\/wp\/v2\/types\/page"}],"author":[{"embeddable":true,"href":"https:\/\/rdee.ca\/en\/wp-json\/wp\/v2\/users\/1"}],"replies":[{"embeddable":true,"href":"https:\/\/rdee.ca\/en\/wp-json\/wp\/v2\/comments?post=3584"}],"version-history":[{"count":0,"href":"https:\/\/rdee.ca\/en\/wp-json\/wp\/v2\/pages\/3584\/revisions"}],"up":[{"embeddable":true,"href":"https:\/\/rdee.ca\/en\/wp-json\/wp\/v2\/pages\/3588"}],"wp:featuredmedia":[{"embeddable":true,"href":"https:\/\/rdee.ca\/en\/wp-json\/wp\/v2\/media\/10388"}],"wp:attachment":[{"href":"https:\/\/rdee.ca\/en\/wp-json\/wp\/v2\/media?parent=3584"}],"curies":[{"name":"wp","href":"https:\/\/api.w.org\/{rel}","templated":true}]}}