{"id":3572,"date":"2019-12-05T15:05:32","date_gmt":"2019-12-05T19:05:32","guid":{"rendered":"http:\/\/staging.rdeecanada.flywheelsites.com\/projets-du-rdee\/"},"modified":"2025-08-20T15:43:04","modified_gmt":"2025-08-20T19:43:04","slug":"projets-du-rdee","status":"publish","type":"page","link":"https:\/\/rdee.ca\/en\/projets-du-rdee\/","title":{"rendered":"Projets"},"content":{"rendered":"\t\t<div data-elementor-type=\"wp-page\" data-elementor-id=\"3572\" class=\"elementor elementor-3572 elementor-1512\" data-elementor-post-type=\"page\">\n\t\t\t\t\t\t<section class=\"elementor-section elementor-top-section elementor-element elementor-element-136a23c elementor-section-boxed elementor-section-height-default elementor-section-height-default\" data-id=\"136a23c\" data-element_type=\"section\" data-settings=\"{&quot;jet_parallax_layout_list&quot;:[{&quot;jet_parallax_layout_image&quot;:{&quot;url&quot;:&quot;&quot;,&quot;id&quot;:&quot;&quot;,&quot;size&quot;:&quot;&quot;},&quot;_id&quot;:&quot;58dff5d&quot;,&quot;jet_parallax_layout_image_laptop&quot;:{&quot;url&quot;:&quot;&quot;,&quot;id&quot;:&quot;&quot;,&quot;size&quot;:&quot;&quot;},&quot;jet_parallax_layout_image_tablet_extra&quot;:{&quot;url&quot;:&quot;&quot;,&quot;id&quot;:&quot;&quot;,&quot;size&quot;:&quot;&quot;},&quot;jet_parallax_layout_image_tablet&quot;:{&quot;url&quot;:&quot;&quot;,&quot;id&quot;:&quot;&quot;,&quot;size&quot;:&quot;&quot;},&quot;jet_parallax_layout_image_mobile_extra&quot;:{&quot;url&quot;:&quot;&quot;,&quot;id&quot;:&quot;&quot;,&quot;size&quot;:&quot;&quot;},&quot;jet_parallax_layout_image_mobile&quot;:{&quot;url&quot;:&quot;&quot;,&quot;id&quot;:&quot;&quot;,&quot;size&quot;:&quot;&quot;},&quot;jet_parallax_layout_speed&quot;:{&quot;unit&quot;:&quot;%&quot;,&quot;size&quot;:50,&quot;sizes&quot;:[]},&quot;jet_parallax_layout_type&quot;:&quot;scroll&quot;,&quot;jet_parallax_layout_direction&quot;:&quot;1&quot;,&quot;jet_parallax_layout_fx_direction&quot;:null,&quot;jet_parallax_layout_z_index&quot;:&quot;&quot;,&quot;jet_parallax_layout_bg_x&quot;:50,&quot;jet_parallax_layout_bg_x_laptop&quot;:&quot;&quot;,&quot;jet_parallax_layout_bg_x_tablet_extra&quot;:&quot;&quot;,&quot;jet_parallax_layout_bg_x_tablet&quot;:&quot;&quot;,&quot;jet_parallax_layout_bg_x_mobile_extra&quot;:&quot;&quot;,&quot;jet_parallax_layout_bg_x_mobile&quot;:&quot;&quot;,&quot;jet_parallax_layout_bg_y&quot;:50,&quot;jet_parallax_layout_bg_y_laptop&quot;:&quot;&quot;,&quot;jet_parallax_layout_bg_y_tablet_extra&quot;:&quot;&quot;,&quot;jet_parallax_layout_bg_y_tablet&quot;:&quot;&quot;,&quot;jet_parallax_layout_bg_y_mobile_extra&quot;:&quot;&quot;,&quot;jet_parallax_layout_bg_y_mobile&quot;:&quot;&quot;,&quot;jet_parallax_layout_bg_size&quot;:&quot;auto&quot;,&quot;jet_parallax_layout_bg_size_laptop&quot;:&quot;&quot;,&quot;jet_parallax_layout_bg_size_tablet_extra&quot;:&quot;&quot;,&quot;jet_parallax_layout_bg_size_tablet&quot;:&quot;&quot;,&quot;jet_parallax_layout_bg_size_mobile_extra&quot;:&quot;&quot;,&quot;jet_parallax_layout_bg_size_mobile&quot;:&quot;&quot;,&quot;jet_parallax_layout_animation_prop&quot;:&quot;transform&quot;,&quot;jet_parallax_layout_on&quot;:[&quot;desktop&quot;,&quot;tablet&quot;]}]}\">\n\t\t\t\t\t\t<div class=\"elementor-container elementor-column-gap-default\">\n\t\t\t\t\t<div class=\"elementor-column elementor-col-100 elementor-top-column elementor-element elementor-element-ba82efe\" data-id=\"ba82efe\" data-element_type=\"column\">\n\t\t\t<div class=\"elementor-widget-wrap elementor-element-populated\">\n\t\t\t\t\t\t<div class=\"elementor-element elementor-element-c302198 elementor-widget elementor-widget-text-editor\" data-id=\"c302198\" data-element_type=\"widget\" data-widget_type=\"text-editor.default\">\n\t\t\t\t<div class=\"elementor-widget-container\">\n\t\t\t\t\t\t\t\t\tPar ses projets et r\u00e9alisations d\u2019envergure nationale, le RD\u00c9E Canada, avec l\u2019appui de ses membres, soutient de fa\u00e7on active la vitalit\u00e9 et l\u2019\u00e9panouissement des communaut\u00e9s francophones et acadienne du Canada dans divers domaines.\t\t\t\t\t\t\t\t<\/div>\n\t\t\t\t<\/div>\n\t\t\t\t<div class=\"elementor-element elementor-element-04289cb elementor-align-left elementor-icon-list--layout-traditional elementor-list-item-link-full_width elementor-widget elementor-widget-icon-list\" data-id=\"04289cb\" data-element_type=\"widget\" data-widget_type=\"icon-list.default\">\n\t\t\t\t<div class=\"elementor-widget-container\">\n\t\t\t\t\t\t\t<ul class=\"elementor-icon-list-items\">\n\t\t\t\t\t\t\t<li class=\"elementor-icon-list-item\">\n\t\t\t\t\t\t\t\t\t\t\t<a href=\"https:\/\/rdee.ca\/projets-du-rdee\/le-corridor\/\">\n\n\t\t\t\t\t\t\t\t\t\t\t<span class=\"elementor-icon-list-text\">Salut Canada<\/span>\n\t\t\t\t\t\t\t\t\t\t\t<\/a>\n\t\t\t\t\t\t\t\t\t<\/li>\n\t\t\t\t\t\t\t\t<li class=\"elementor-icon-list-item\">\n\t\t\t\t\t\t\t\t\t\t\t<a href=\"http:\/\/rdee.ca\/projets-du-rdee\/initiative-entrepreneuriale-en-petite-enfance\/\">\n\n\t\t\t\t\t\t\t\t\t\t\t<span class=\"elementor-icon-list-text\">Petite enfance<\/span>\n\t\t\t\t\t\t\t\t\t\t\t<\/a>\n\t\t\t\t\t\t\t\t\t<\/li>\n\t\t\t\t\t\t\t\t<li class=\"elementor-icon-list-item\">\n\t\t\t\t\t\t\t\t\t\t\t<a href=\"https:\/\/rdee.ca\/projets-du-rdee\/lauriers-de-la-pme\/\">\n\n\t\t\t\t\t\t\t\t\t\t\t<span class=\"elementor-icon-list-text\">Lauriers de la PME<\/span>\n\t\t\t\t\t\t\t\t\t\t\t<\/a>\n\t\t\t\t\t\t\t\t\t<\/li>\n\t\t\t\t\t\t\t\t<li class=\"elementor-icon-list-item\">\n\t\t\t\t\t\t\t\t\t\t\t<a href=\"https:\/\/rdee.ca\/projets-du-rdee\/entrepreneuriat\/\">\n\n\t\t\t\t\t\t\t\t\t\t\t<span class=\"elementor-icon-list-text\">Entrepreneuriat<\/span>\n\t\t\t\t\t\t\t\t\t\t\t<\/a>\n\t\t\t\t\t\t\t\t\t<\/li>\n\t\t\t\t\t\t\t\t<li class=\"elementor-icon-list-item\">\n\t\t\t\t\t\t\t\t\t\t\t<a href=\"https:\/\/rdee.ca\/projets-du-rdee\/la-tournee-de-liaison-2025\/\">\n\n\t\t\t\t\t\t\t\t\t\t\t<span class=\"elementor-icon-list-text\">Tourn\u00e9e de liaison<\/span>\n\t\t\t\t\t\t\t\t\t\t\t<\/a>\n\t\t\t\t\t\t\t\t\t<\/li>\n\t\t\t\t\t\t\t\t<li class=\"elementor-icon-list-item\">\n\t\t\t\t\t\t\t\t\t\t\t<a href=\"https:\/\/rdee.ca\/parlons-franconomie-le-balado\/\">\n\n\t\t\t\t\t\t\t\t\t\t\t<span class=\"elementor-icon-list-text\">Balado: Parlons Franconomie<\/span>\n\t\t\t\t\t\t\t\t\t\t\t<\/a>\n\t\t\t\t\t\t\t\t\t<\/li>\n\t\t\t\t\t\t<\/ul>\n\t\t\t\t\t\t<\/div>\n\t\t\t\t<\/div>\n\t\t\t\t\t<\/div>\n\t\t<\/div>\n\t\t\t\t\t<\/div>\n\t\t<\/section>\n\t\t\t\t<\/div>\n\t\t","protected":false},"excerpt":{"rendered":"<p>Par ses projets et r\u00e9alisations d\u2019envergure nationale, le RD\u00c9E Canada, avec l\u2019appui de ses membres, soutient de fa\u00e7on active la vitalit\u00e9 et l\u2019\u00e9panouissement des communaut\u00e9s francophones et acadienne du Canada dans divers domaines. Salut Canada Petite enfance Lauriers de la PME Entrepreneuriat Tourn\u00e9e de liaison Balado: Parlons Franconomie<\/p>\n","protected":false},"author":1,"featured_media":10388,"parent":0,"menu_order":0,"comment_status":"closed","ping_status":"closed","template":"","meta":{"_acf_changed":false,"footnotes":""},"class_list":["post-3572","page","type-page","status-publish","has-post-thumbnail","hentry"],"acf":[],"yoast_head":"<!-- This site is optimized with the Yoast SEO plugin v25.7 - https:\/\/yoast.com\/wordpress\/plugins\/seo\/ -->\n<title>Projets - RD\u00c9E Canada<\/title>\n<meta name=\"robots\" content=\"index, follow, max-snippet:-1, max-image-preview:large, max-video-preview:-1\" \/>\n<link rel=\"canonical\" href=\"https:\/\/rdee.ca\/en\/projets-du-rdee\/\" \/>\n<meta property=\"og:locale\" content=\"en_US\" \/>\n<meta property=\"og:type\" content=\"article\" \/>\n<meta property=\"og:title\" content=\"Projets - RD\u00c9E Canada\" \/>\n<meta property=\"og:description\" content=\"Par ses projets et r\u00e9alisations d\u2019envergure nationale, le RD\u00c9E Canada, avec l\u2019appui de ses membres, soutient de fa\u00e7on active la vitalit\u00e9 et l\u2019\u00e9panouissement des communaut\u00e9s francophones et acadienne du Canada dans divers domaines. Salut Canada Petite enfance Lauriers de la PME Entrepreneuriat Tourn\u00e9e de liaison Balado: Parlons Franconomie\" \/>\n<meta property=\"og:url\" content=\"https:\/\/rdee.ca\/en\/projets-du-rdee\/\" \/>\n<meta property=\"og:site_name\" content=\"RD\u00c9E Canada\" \/>\n<meta property=\"article:modified_time\" content=\"2025-08-20T19:43:04+00:00\" \/>\n<meta property=\"og:image\" content=\"https:\/\/rdee.ca\/wp-content\/uploads\/Logo-petit-RDEE-Canada-e1727117821236.png\" \/>\n\t<meta property=\"og:image:width\" content=\"1563\" \/>\n\t<meta property=\"og:image:height\" content=\"1563\" \/>\n\t<meta property=\"og:image:type\" content=\"image\/png\" \/>\n<meta name=\"twitter:card\" content=\"summary_large_image\" \/>\n<script type=\"application\/ld+json\" class=\"yoast-schema-graph\">{\"@context\":\"https:\/\/schema.org\",\"@graph\":[{\"@type\":\"WebPage\",\"@id\":\"https:\/\/rdee.ca\/en\/projets-du-rdee\/\",\"url\":\"https:\/\/rdee.ca\/en\/projets-du-rdee\/\",\"name\":\"Projets - RD\u00c9E Canada\",\"isPartOf\":{\"@id\":\"https:\/\/rdee.ca\/#website\"},\"primaryImageOfPage\":{\"@id\":\"https:\/\/rdee.ca\/en\/projets-du-rdee\/#primaryimage\"},\"image\":{\"@id\":\"https:\/\/rdee.ca\/en\/projets-du-rdee\/#primaryimage\"},\"thumbnailUrl\":\"https:\/\/rdee.ca\/wp-content\/uploads\/Logo-petit-RDEE-Canada-e1727117821236.png\",\"datePublished\":\"2019-12-05T19:05:32+00:00\",\"dateModified\":\"2025-08-20T19:43:04+00:00\",\"breadcrumb\":{\"@id\":\"https:\/\/rdee.ca\/en\/projets-du-rdee\/#breadcrumb\"},\"inLanguage\":\"en-US\",\"potentialAction\":[{\"@type\":\"ReadAction\",\"target\":[\"https:\/\/rdee.ca\/en\/projets-du-rdee\/\"]}]},{\"@type\":\"ImageObject\",\"inLanguage\":\"en-US\",\"@id\":\"https:\/\/rdee.ca\/en\/projets-du-rdee\/#primaryimage\",\"url\":\"https:\/\/rdee.ca\/wp-content\/uploads\/Logo-petit-RDEE-Canada-e1727117821236.png\",\"contentUrl\":\"https:\/\/rdee.ca\/wp-content\/uploads\/Logo-petit-RDEE-Canada-e1727117821236.png\",\"width\":1563,\"height\":1563},{\"@type\":\"BreadcrumbList\",\"@id\":\"https:\/\/rdee.ca\/en\/projets-du-rdee\/#breadcrumb\",\"itemListElement\":[{\"@type\":\"ListItem\",\"position\":1,\"name\":\"Accueil\",\"item\":\"https:\/\/rdee.ca\/en\/\"},{\"@type\":\"ListItem\",\"position\":2,\"name\":\"Projets\"}]},{\"@type\":\"WebSite\",\"@id\":\"https:\/\/rdee.ca\/#website\",\"url\":\"https:\/\/rdee.ca\/\",\"name\":\"RD\u00c9E Canada\",\"description\":\"Le leader du d\u00e9veloppement \u00e9conomique des communaut\u00e9s francophones et acadienne\",\"potentialAction\":[{\"@type\":\"SearchAction\",\"target\":{\"@type\":\"EntryPoint\",\"urlTemplate\":\"https:\/\/rdee.ca\/?s={search_term_string}\"},\"query-input\":{\"@type\":\"PropertyValueSpecification\",\"valueRequired\":true,\"valueName\":\"search_term_string\"}}],\"inLanguage\":\"en-US\"}]}<\/script>\n<!-- \/ Yoast SEO plugin. -->","yoast_head_json":{"title":"Projets - RD\u00c9E Canada","robots":{"index":"index","follow":"follow","max-snippet":"max-snippet:-1","max-image-preview":"max-image-preview:large","max-video-preview":"max-video-preview:-1"},"canonical":"https:\/\/rdee.ca\/en\/projets-du-rdee\/","og_locale":"en_US","og_type":"article","og_title":"Projets - RD\u00c9E Canada","og_description":"Par ses projets et r\u00e9alisations d\u2019envergure nationale, le RD\u00c9E Canada, avec l\u2019appui de ses membres, soutient de fa\u00e7on active la vitalit\u00e9 et l\u2019\u00e9panouissement des communaut\u00e9s francophones et acadienne du Canada dans divers domaines. Salut Canada Petite enfance Lauriers de la PME Entrepreneuriat Tourn\u00e9e de liaison Balado: Parlons Franconomie","og_url":"https:\/\/rdee.ca\/en\/projets-du-rdee\/","og_site_name":"RD\u00c9E Canada","article_modified_time":"2025-08-20T19:43:04+00:00","og_image":[{"width":1563,"height":1563,"url":"https:\/\/rdee.ca\/wp-content\/uploads\/Logo-petit-RDEE-Canada-e1727117821236.png","type":"image\/png"}],"twitter_card":"summary_large_image","schema":{"@context":"https:\/\/schema.org","@graph":[{"@type":"WebPage","@id":"https:\/\/rdee.ca\/en\/projets-du-rdee\/","url":"https:\/\/rdee.ca\/en\/projets-du-rdee\/","name":"Projets - RD\u00c9E Canada","isPartOf":{"@id":"https:\/\/rdee.ca\/#website"},"primaryImageOfPage":{"@id":"https:\/\/rdee.ca\/en\/projets-du-rdee\/#primaryimage"},"image":{"@id":"https:\/\/rdee.ca\/en\/projets-du-rdee\/#primaryimage"},"thumbnailUrl":"https:\/\/rdee.ca\/wp-content\/uploads\/Logo-petit-RDEE-Canada-e1727117821236.png","datePublished":"2019-12-05T19:05:32+00:00","dateModified":"2025-08-20T19:43:04+00:00","breadcrumb":{"@id":"https:\/\/rdee.ca\/en\/projets-du-rdee\/#breadcrumb"},"inLanguage":"en-US","potentialAction":[{"@type":"ReadAction","target":["https:\/\/rdee.ca\/en\/projets-du-rdee\/"]}]},{"@type":"ImageObject","inLanguage":"en-US","@id":"https:\/\/rdee.ca\/en\/projets-du-rdee\/#primaryimage","url":"https:\/\/rdee.ca\/wp-content\/uploads\/Logo-petit-RDEE-Canada-e1727117821236.png","contentUrl":"https:\/\/rdee.ca\/wp-content\/uploads\/Logo-petit-RDEE-Canada-e1727117821236.png","width":1563,"height":1563},{"@type":"BreadcrumbList","@id":"https:\/\/rdee.ca\/en\/projets-du-rdee\/#breadcrumb","itemListElement":[{"@type":"ListItem","position":1,"name":"Accueil","item":"https:\/\/rdee.ca\/en\/"},{"@type":"ListItem","position":2,"name":"Projets"}]},{"@type":"WebSite","@id":"https:\/\/rdee.ca\/#website","url":"https:\/\/rdee.ca\/","name":"RD\u00c9E Canada","description":"Le leader du d\u00e9veloppement \u00e9conomique des communaut\u00e9s francophones et acadienne","potentialAction":[{"@type":"SearchAction","target":{"@type":"EntryPoint","urlTemplate":"https:\/\/rdee.ca\/?s={search_term_string}"},"query-input":{"@type":"PropertyValueSpecification","valueRequired":true,"valueName":"search_term_string"}}],"inLanguage":"en-US"}]}},"publishpress_future_action":{"enabled":false,"date":"2026-04-15 01:24:07","action":"change-status","newStatus":"draft","terms":[],"taxonomy":"translation_priority","extraData":[]},"publishpress_future_workflow_manual_trigger":{"enabledWorkflows":[]},"_links":{"self":[{"href":"https:\/\/rdee.ca\/en\/wp-json\/wp\/v2\/pages\/3572","targetHints":{"allow":["GET"]}}],"collection":[{"href":"https:\/\/rdee.ca\/en\/wp-json\/wp\/v2\/pages"}],"about":[{"href":"https:\/\/rdee.ca\/en\/wp-json\/wp\/v2\/types\/page"}],"author":[{"embeddable":true,"href":"https:\/\/rdee.ca\/en\/wp-json\/wp\/v2\/users\/1"}],"replies":[{"embeddable":true,"href":"https:\/\/rdee.ca\/en\/wp-json\/wp\/v2\/comments?post=3572"}],"version-history":[{"count":0,"href":"https:\/\/rdee.ca\/en\/wp-json\/wp\/v2\/pages\/3572\/revisions"}],"wp:featuredmedia":[{"embeddable":true,"href":"https:\/\/rdee.ca\/en\/wp-json\/wp\/v2\/media\/10388"}],"wp:attachment":[{"href":"https:\/\/rdee.ca\/en\/wp-json\/wp\/v2\/media?parent=3572"}],"curies":[{"name":"wp","href":"https:\/\/api.w.org\/{rel}","templated":true}]}}