{"id":11418,"date":"2025-08-20T13:41:03","date_gmt":"2025-08-20T17:41:03","guid":{"rendered":"https:\/\/rdee.ca\/projets-du-rdee\/la-tournee-de-liaison-2025-information-en\/"},"modified":"2025-08-20T14:54:05","modified_gmt":"2025-08-20T18:54:05","slug":"the-2025-liaison-tour-information","status":"publish","type":"page","link":"https:\/\/rdee.ca\/en\/projets-du-rdee\/the-2025-liaison-tour-information\/","title":{"rendered":"The 2025 Liaison Tour &#8211; Information"},"content":{"rendered":"\t\t<div data-elementor-type=\"wp-post\" data-elementor-id=\"11418\" class=\"elementor elementor-11418 elementor-11416\" data-elementor-post-type=\"page\">\n\t\t\t\t<section class=\"elementor-element elementor-element-fc8e008 .banner-image e-con-full e-flex e-con e-parent\" data-id=\"fc8e008\" data-element_type=\"container\" data-settings=\"{&quot;background_background&quot;:&quot;classic&quot;,&quot;jet_parallax_layout_list&quot;:[],&quot;animation&quot;:&quot;none&quot;}\">\n\t\t<div class=\"elementor-element elementor-element-9696623 e-flex e-con-boxed e-con e-child\" data-id=\"9696623\" data-element_type=\"container\" data-settings=\"{&quot;jet_parallax_layout_list&quot;:[]}\">\n\t\t\t\t\t<div class=\"e-con-inner\">\n\t\t\t\t<div class=\"elementor-element elementor-element-28feea8 elementor-widget elementor-widget-heading\" data-id=\"28feea8\" data-element_type=\"widget\" data-widget_type=\"heading.default\">\n\t\t\t\t<div class=\"elementor-widget-container\">\n\t\t\t\t\t<h2 class=\"elementor-heading-title elementor-size-default\">Information<\/h2>\t\t\t\t<\/div>\n\t\t\t\t<\/div>\n\t\t\t\t<div class=\"elementor-element elementor-element-faa0068 elementor-widget elementor-widget-heading\" data-id=\"faa0068\" data-element_type=\"widget\" data-widget_type=\"heading.default\">\n\t\t\t\t<div class=\"elementor-widget-container\">\n\t\t\t\t\t<h1 class=\"elementor-heading-title elementor-size-default\">The 2025 Liaison Tour<\/h1>\t\t\t\t<\/div>\n\t\t\t\t<\/div>\n\t\t\t\t\t<\/div>\n\t\t\t\t<\/div>\n\t\t\t\t<\/section>\n\t\t<div class=\"elementor-element elementor-element-22faa59 e-flex e-con-boxed e-con e-parent\" data-id=\"22faa59\" data-element_type=\"container\" data-settings=\"{&quot;jet_parallax_layout_list&quot;:[],&quot;background_background&quot;:&quot;classic&quot;}\">\n\t\t\t\t\t<div class=\"e-con-inner\">\n\t\t\t\t<div class=\"elementor-element elementor-element-67902d0 elementor-widget elementor-widget-heading\" data-id=\"67902d0\" data-element_type=\"widget\" data-widget_type=\"heading.default\">\n\t\t\t\t<div class=\"elementor-widget-container\">\n\t\t\t\t\t<h2 class=\"elementor-heading-title elementor-size-default\">Information Request Form<\/h2>\t\t\t\t<\/div>\n\t\t\t\t<\/div>\n\t\t<div class=\"elementor-element elementor-element-512045d e-con-full e-flex e-con e-child\" data-id=\"512045d\" data-element_type=\"container\" data-settings=\"{&quot;background_background&quot;:&quot;classic&quot;,&quot;jet_parallax_layout_list&quot;:[]}\">\n\t\t\t\t<div class=\"elementor-element elementor-element-e8fec6d elementor-button-align-center elementor-widget-tablet__width-inherit elementor-widget elementor-widget-form\" data-id=\"e8fec6d\" data-element_type=\"widget\" data-settings=\"{&quot;step_next_label&quot;:&quot;Next&quot;,&quot;step_previous_label&quot;:&quot;Previous&quot;,&quot;button_width&quot;:&quot;100&quot;,&quot;step_type&quot;:&quot;number_text&quot;,&quot;step_icon_shape&quot;:&quot;circle&quot;}\" data-widget_type=\"form.default\">\n\t\t\t\t<div class=\"elementor-widget-container\">\n\t\t\t\t\t\t\t<form class=\"elementor-form\" method=\"post\" id=\"information\" name=\"Nouveau formulaire\" aria-label=\"Nouveau formulaire\">\n\t\t\t<input type=\"hidden\" name=\"post_id\" value=\"11418\"\/>\n\t\t\t<input type=\"hidden\" name=\"form_id\" value=\"e8fec6d\"\/>\n\t\t\t<input type=\"hidden\" name=\"referer_title\" value=\"The 2025 Liaison Tour - Information - RD\u00c9E Canada\" \/>\n\n\t\t\t\t\t\t\t<input type=\"hidden\" name=\"queried_id\" value=\"11418\"\/>\n\t\t\t\n\t\t\t<div class=\"elementor-form-fields-wrapper elementor-labels-above\">\n\t\t\t\t\t\t\t\t<div class=\"elementor-field-type-text elementor-field-group elementor-column elementor-field-group-field_aac3173 elementor-col-50 elementor-md-100 elementor-field-required\">\n\t\t\t\t\t\t\t\t\t\t\t\t\t<input size=\"1\" type=\"text\" name=\"form_fields[field_aac3173]\" id=\"form-field-field_aac3173\" class=\"elementor-field elementor-size-md  elementor-field-textual\" placeholder=\"First Name\" required=\"required\">\n\t\t\t\t\t\t\t\t\t\t\t<\/div>\n\t\t\t\t\t\t\t\t<div class=\"elementor-field-type-text elementor-field-group elementor-column elementor-field-group-field_5fe04df elementor-col-50 elementor-md-100\">\n\t\t\t\t\t\t\t\t\t\t\t\t\t<input size=\"1\" type=\"text\" name=\"form_fields[field_5fe04df]\" id=\"form-field-field_5fe04df\" class=\"elementor-field elementor-size-md  elementor-field-textual\" placeholder=\"Last Name\">\n\t\t\t\t\t\t\t\t\t\t\t<\/div>\n\t\t\t\t\t\t\t\t<div class=\"elementor-field-type-text elementor-field-group elementor-column elementor-field-group-field_233a46d elementor-col-100 elementor-md-100 elementor-field-required\">\n\t\t\t\t\t\t\t\t\t\t\t\t\t<input size=\"1\" type=\"text\" name=\"form_fields[field_233a46d]\" id=\"form-field-field_233a46d\" class=\"elementor-field elementor-size-md  elementor-field-textual\" placeholder=\"Title\" required=\"required\">\n\t\t\t\t\t\t\t\t\t\t\t<\/div>\n\t\t\t\t\t\t\t\t<div class=\"elementor-field-type-text elementor-field-group elementor-column elementor-field-group-field_e08c373 elementor-col-100 elementor-md-100\">\n\t\t\t\t\t\t\t\t\t\t\t\t\t<input size=\"1\" type=\"text\" name=\"form_fields[field_e08c373]\" id=\"form-field-field_e08c373\" class=\"elementor-field elementor-size-md  elementor-field-textual\" placeholder=\"Company\">\n\t\t\t\t\t\t\t\t\t\t\t<\/div>\n\t\t\t\t\t\t\t\t<div class=\"elementor-field-type-text elementor-field-group elementor-column elementor-field-group-field_3ea9bdf elementor-col-100 elementor-md-100\">\n\t\t\t\t\t\t\t\t\t\t\t\t\t<input size=\"1\" type=\"text\" name=\"form_fields[field_3ea9bdf]\" id=\"form-field-field_3ea9bdf\" class=\"elementor-field elementor-size-md  elementor-field-textual\" placeholder=\"Industry Sector\">\n\t\t\t\t\t\t\t\t\t\t\t<\/div>\n\t\t\t\t\t\t\t\t<div class=\"elementor-field-type-text elementor-field-group elementor-column elementor-field-group-field_d5df0a1 elementor-col-33 elementor-md-100 elementor-field-required\">\n\t\t\t\t\t\t\t\t\t\t\t\t\t<input size=\"1\" type=\"text\" name=\"form_fields[field_d5df0a1]\" id=\"form-field-field_d5df0a1\" class=\"elementor-field elementor-size-md  elementor-field-textual\" placeholder=\"E-mail\" required=\"required\">\n\t\t\t\t\t\t\t\t\t\t\t<\/div>\n\t\t\t\t\t\t\t\t<div class=\"elementor-field-type-text elementor-field-group elementor-column elementor-field-group-field_aee3c30 elementor-col-33 elementor-md-100\">\n\t\t\t\t\t\t\t\t\t\t\t\t\t<input size=\"1\" type=\"text\" name=\"form_fields[field_aee3c30]\" id=\"form-field-field_aee3c30\" class=\"elementor-field elementor-size-md  elementor-field-textual\" placeholder=\"Website\">\n\t\t\t\t\t\t\t\t\t\t\t<\/div>\n\t\t\t\t\t\t\t\t<div class=\"elementor-field-type-text elementor-field-group elementor-column elementor-field-group-field_18c270e elementor-col-33 elementor-md-100\">\n\t\t\t\t\t\t\t\t\t\t\t\t\t<input size=\"1\" type=\"text\" name=\"form_fields[field_18c270e]\" id=\"form-field-field_18c270e\" class=\"elementor-field elementor-size-md  elementor-field-textual\" placeholder=\"Phone Number\">\n\t\t\t\t\t\t\t\t\t\t\t<\/div>\n\t\t\t\t\t\t\t\t<div class=\"elementor-field-type-checkbox elementor-field-group elementor-column elementor-field-group-field_5e5689d elementor-col-100\">\n\t\t\t\t\t\t\t\t\t\t\t\t<label for=\"form-field-field_5e5689d\" class=\"elementor-field-label\">\n\t\t\t\t\t\t\t\tI would like to receive information about:\t\t\t\t\t\t\t<\/label>\n\t\t\t\t\t\t<div class=\"elementor-field-subgroup  \"><span class=\"elementor-field-option\"><input type=\"checkbox\" value=\"The 2025 Liaison Tour\" id=\"form-field-field_5e5689d-0\" name=\"form_fields[field_5e5689d][]\"> <label for=\"form-field-field_5e5689d-0\">The 2025 Liaison Tour<\/label><\/span><span class=\"elementor-field-option\"><input type=\"checkbox\" value=\"The Destination Canada Mobility Forum\" id=\"form-field-field_5e5689d-1\" name=\"form_fields[field_5e5689d][]\"> <label for=\"form-field-field_5e5689d-1\">The Destination Canada Mobility Forum<\/label><\/span><span class=\"elementor-field-option\"><input type=\"checkbox\" value=\"Services available in my region\" id=\"form-field-field_5e5689d-2\" name=\"form_fields[field_5e5689d][]\"> <label for=\"form-field-field_5e5689d-2\">Services available in my region<\/label><\/span><\/div>\t\t\t\t<\/div>\n\t\t\t\t\t\t\t\t<div class=\"elementor-field-type-checkbox elementor-field-group elementor-column elementor-field-group-field_cfa1364 elementor-col-100\">\n\t\t\t\t\t\t\t\t\t\t\t\t<label for=\"form-field-field_cfa1364\" class=\"elementor-field-label\">\n\t\t\t\t\t\t\t\tRegions:\u00a0\u00a0\t\t\t\t\t\t\t<\/label>\n\t\t\t\t\t\t<div class=\"elementor-field-subgroup  \"><span class=\"elementor-field-option\"><input type=\"checkbox\" value=\"National (RD\u00c9E Canada)\" id=\"form-field-field_cfa1364-0\" name=\"form_fields[field_cfa1364][]\"> <label for=\"form-field-field_cfa1364-0\">National (RD\u00c9E Canada)<\/label><\/span><span class=\"elementor-field-option\"><input type=\"checkbox\" value=\"British Columbia (SD\u00c9CB)\" id=\"form-field-field_cfa1364-1\" name=\"form_fields[field_cfa1364][]\"> <label for=\"form-field-field_cfa1364-1\">British Columbia (SD\u00c9CB)<\/label><\/span><span class=\"elementor-field-option\"><input type=\"checkbox\" value=\"Nova Scotia (CD\u00c9N\u00c9) \" id=\"form-field-field_cfa1364-2\" name=\"form_fields[field_cfa1364][]\"> <label for=\"form-field-field_cfa1364-2\">Nova Scotia (CD\u00c9N\u00c9) <\/label><\/span><span class=\"elementor-field-option\"><input type=\"checkbox\" value=\"Newfoundland and Labrador (Horizon TNL)\" id=\"form-field-field_cfa1364-3\" name=\"form_fields[field_cfa1364][]\"> <label for=\"form-field-field_cfa1364-3\">Newfoundland and Labrador (Horizon TNL)<\/label><\/span><span class=\"elementor-field-option\"><input type=\"checkbox\" value=\"Northwest Territories (CD\u00c9TNO) \" id=\"form-field-field_cfa1364-4\" name=\"form_fields[field_cfa1364][]\"> <label for=\"form-field-field_cfa1364-4\">Northwest Territories (CD\u00c9TNO) <\/label><\/span><span class=\"elementor-field-option\"><input type=\"checkbox\" value=\"Yukon (AFY)\" id=\"form-field-field_cfa1364-5\" name=\"form_fields[field_cfa1364][]\"> <label for=\"form-field-field_cfa1364-5\">Yukon (AFY)<\/label><\/span><\/div>\t\t\t\t<\/div>\n\t\t\t\t\t\t\t\t<div class=\"elementor-field-group elementor-column elementor-field-type-submit elementor-col-100 e-form__buttons\">\n\t\t\t\t\t<button class=\"elementor-button elementor-size-sm\" type=\"submit\">\n\t\t\t\t\t\t<span class=\"elementor-button-content-wrapper\">\n\t\t\t\t\t\t\t\t\t\t\t\t\t\t\t\t\t\t\t\t\t\t<span class=\"elementor-button-text\">Submit<\/span>\n\t\t\t\t\t\t\t\t\t\t\t\t\t<\/span>\n\t\t\t\t\t<\/button>\n\t\t\t\t<\/div>\n\t\t\t<\/div>\n\t\t<\/form>\n\t\t\t\t\t\t<\/div>\n\t\t\t\t<\/div>\n\t\t\t\t<\/div>\n\t\t\t\t\t<\/div>\n\t\t\t\t<\/div>\n\t\t<div class=\"elementor-element elementor-element-257f795 e-flex e-con-boxed e-con e-parent\" data-id=\"257f795\" data-element_type=\"container\" data-settings=\"{&quot;jet_parallax_layout_list&quot;:[]}\">\n\t\t\t\t\t<div class=\"e-con-inner\">\n\t\t<div class=\"elementor-element elementor-element-e96a08b e-con-full e-flex e-con e-child\" data-id=\"e96a08b\" data-element_type=\"container\" data-settings=\"{&quot;jet_parallax_layout_list&quot;:[]}\">\n\t\t\t\t<div class=\"elementor-element elementor-element-f1aa6ad elementor-widget elementor-widget-image\" data-id=\"f1aa6ad\" data-element_type=\"widget\" data-widget_type=\"image.default\">\n\t\t\t\t<div class=\"elementor-widget-container\">\n\t\t\t\t\t\t\t\t\t\t\t\t\t\t\t<img fetchpriority=\"high\" decoding=\"async\" width=\"800\" height=\"146\" src=\"https:\/\/rdee.ca\/wp-content\/uploads\/finance_par_ircc.png\" class=\"attachment-large size-large wp-image-11399\" alt=\"\" srcset=\"https:\/\/rdee.ca\/wp-content\/uploads\/finance_par_ircc.png 973w, https:\/\/rdee.ca\/wp-content\/uploads\/finance_par_ircc-600x109.png 600w, https:\/\/rdee.ca\/wp-content\/uploads\/finance_par_ircc-768x140.png 768w\" sizes=\"(max-width: 800px) 100vw, 800px\" \/>\t\t\t\t\t\t\t\t\t\t\t\t\t\t\t<\/div>\n\t\t\t\t<\/div>\n\t\t\t\t<\/div>\n\t\t\t\t\t<\/div>\n\t\t\t\t<\/div>\n\t\t\t\t<\/div>\n\t\t","protected":false},"excerpt":{"rendered":"<p>Information The 2025 Liaison Tour Information Request Form<\/p>\n","protected":false},"author":1,"featured_media":10388,"parent":3572,"menu_order":0,"comment_status":"closed","ping_status":"closed","template":"","meta":{"_acf_changed":false,"footnotes":""},"class_list":["post-11418","page","type-page","status-publish","has-post-thumbnail","hentry"],"acf":[],"yoast_head":"<!-- This site is optimized with the Yoast SEO plugin v25.7 - https:\/\/yoast.com\/wordpress\/plugins\/seo\/ -->\n<title>The 2025 Liaison Tour - Information - RD\u00c9E Canada<\/title>\n<meta name=\"robots\" content=\"index, follow, max-snippet:-1, max-image-preview:large, max-video-preview:-1\" \/>\n<link rel=\"canonical\" href=\"https:\/\/rdee.ca\/en\/projets-du-rdee\/the-2025-liaison-tour-information\/\" \/>\n<meta property=\"og:locale\" content=\"en_US\" \/>\n<meta property=\"og:type\" content=\"article\" \/>\n<meta property=\"og:title\" content=\"The 2025 Liaison Tour - Information - RD\u00c9E Canada\" \/>\n<meta property=\"og:description\" content=\"Information The 2025 Liaison Tour Information Request Form\" \/>\n<meta property=\"og:url\" content=\"https:\/\/rdee.ca\/en\/projets-du-rdee\/the-2025-liaison-tour-information\/\" \/>\n<meta property=\"og:site_name\" content=\"RD\u00c9E Canada\" \/>\n<meta property=\"article:modified_time\" content=\"2025-08-20T18:54:05+00:00\" \/>\n<meta property=\"og:image\" content=\"https:\/\/rdee.ca\/wp-content\/uploads\/Logo-petit-RDEE-Canada-e1727117821236.png\" \/>\n\t<meta property=\"og:image:width\" content=\"1563\" \/>\n\t<meta property=\"og:image:height\" content=\"1563\" \/>\n\t<meta property=\"og:image:type\" content=\"image\/png\" \/>\n<meta name=\"twitter:card\" content=\"summary_large_image\" \/>\n<meta name=\"twitter:label1\" content=\"Est. reading time\" \/>\n\t<meta name=\"twitter:data1\" content=\"1 minute\" \/>\n<script type=\"application\/ld+json\" class=\"yoast-schema-graph\">{\"@context\":\"https:\/\/schema.org\",\"@graph\":[{\"@type\":\"WebPage\",\"@id\":\"https:\/\/rdee.ca\/en\/projets-du-rdee\/the-2025-liaison-tour-information\/\",\"url\":\"https:\/\/rdee.ca\/en\/projets-du-rdee\/the-2025-liaison-tour-information\/\",\"name\":\"The 2025 Liaison Tour - Information - RD\u00c9E Canada\",\"isPartOf\":{\"@id\":\"https:\/\/rdee.ca\/#website\"},\"primaryImageOfPage\":{\"@id\":\"https:\/\/rdee.ca\/en\/projets-du-rdee\/the-2025-liaison-tour-information\/#primaryimage\"},\"image\":{\"@id\":\"https:\/\/rdee.ca\/en\/projets-du-rdee\/the-2025-liaison-tour-information\/#primaryimage\"},\"thumbnailUrl\":\"https:\/\/rdee.ca\/wp-content\/uploads\/Logo-petit-RDEE-Canada-e1727117821236.png\",\"datePublished\":\"2025-08-20T17:41:03+00:00\",\"dateModified\":\"2025-08-20T18:54:05+00:00\",\"breadcrumb\":{\"@id\":\"https:\/\/rdee.ca\/en\/projets-du-rdee\/the-2025-liaison-tour-information\/#breadcrumb\"},\"inLanguage\":\"en-US\",\"potentialAction\":[{\"@type\":\"ReadAction\",\"target\":[\"https:\/\/rdee.ca\/en\/projets-du-rdee\/the-2025-liaison-tour-information\/\"]}]},{\"@type\":\"ImageObject\",\"inLanguage\":\"en-US\",\"@id\":\"https:\/\/rdee.ca\/en\/projets-du-rdee\/the-2025-liaison-tour-information\/#primaryimage\",\"url\":\"https:\/\/rdee.ca\/wp-content\/uploads\/Logo-petit-RDEE-Canada-e1727117821236.png\",\"contentUrl\":\"https:\/\/rdee.ca\/wp-content\/uploads\/Logo-petit-RDEE-Canada-e1727117821236.png\",\"width\":1563,\"height\":1563},{\"@type\":\"BreadcrumbList\",\"@id\":\"https:\/\/rdee.ca\/en\/projets-du-rdee\/the-2025-liaison-tour-information\/#breadcrumb\",\"itemListElement\":[{\"@type\":\"ListItem\",\"position\":1,\"name\":\"Accueil\",\"item\":\"https:\/\/rdee.ca\/en\/\"},{\"@type\":\"ListItem\",\"position\":2,\"name\":\"Projets\",\"item\":\"https:\/\/rdee.ca\/en\/projets-du-rdee\/\"},{\"@type\":\"ListItem\",\"position\":3,\"name\":\"The 2025 Liaison Tour &#8211; Information\"}]},{\"@type\":\"WebSite\",\"@id\":\"https:\/\/rdee.ca\/#website\",\"url\":\"https:\/\/rdee.ca\/\",\"name\":\"RD\u00c9E Canada\",\"description\":\"Le leader du d\u00e9veloppement \u00e9conomique des communaut\u00e9s francophones et acadienne\",\"potentialAction\":[{\"@type\":\"SearchAction\",\"target\":{\"@type\":\"EntryPoint\",\"urlTemplate\":\"https:\/\/rdee.ca\/?s={search_term_string}\"},\"query-input\":{\"@type\":\"PropertyValueSpecification\",\"valueRequired\":true,\"valueName\":\"search_term_string\"}}],\"inLanguage\":\"en-US\"}]}<\/script>\n<!-- \/ Yoast SEO plugin. -->","yoast_head_json":{"title":"The 2025 Liaison Tour - Information - RD\u00c9E Canada","robots":{"index":"index","follow":"follow","max-snippet":"max-snippet:-1","max-image-preview":"max-image-preview:large","max-video-preview":"max-video-preview:-1"},"canonical":"https:\/\/rdee.ca\/en\/projets-du-rdee\/the-2025-liaison-tour-information\/","og_locale":"en_US","og_type":"article","og_title":"The 2025 Liaison Tour - Information - RD\u00c9E Canada","og_description":"Information The 2025 Liaison Tour Information Request Form","og_url":"https:\/\/rdee.ca\/en\/projets-du-rdee\/the-2025-liaison-tour-information\/","og_site_name":"RD\u00c9E Canada","article_modified_time":"2025-08-20T18:54:05+00:00","og_image":[{"width":1563,"height":1563,"url":"https:\/\/rdee.ca\/wp-content\/uploads\/Logo-petit-RDEE-Canada-e1727117821236.png","type":"image\/png"}],"twitter_card":"summary_large_image","twitter_misc":{"Est. reading time":"1 minute"},"schema":{"@context":"https:\/\/schema.org","@graph":[{"@type":"WebPage","@id":"https:\/\/rdee.ca\/en\/projets-du-rdee\/the-2025-liaison-tour-information\/","url":"https:\/\/rdee.ca\/en\/projets-du-rdee\/the-2025-liaison-tour-information\/","name":"The 2025 Liaison Tour - Information - RD\u00c9E Canada","isPartOf":{"@id":"https:\/\/rdee.ca\/#website"},"primaryImageOfPage":{"@id":"https:\/\/rdee.ca\/en\/projets-du-rdee\/the-2025-liaison-tour-information\/#primaryimage"},"image":{"@id":"https:\/\/rdee.ca\/en\/projets-du-rdee\/the-2025-liaison-tour-information\/#primaryimage"},"thumbnailUrl":"https:\/\/rdee.ca\/wp-content\/uploads\/Logo-petit-RDEE-Canada-e1727117821236.png","datePublished":"2025-08-20T17:41:03+00:00","dateModified":"2025-08-20T18:54:05+00:00","breadcrumb":{"@id":"https:\/\/rdee.ca\/en\/projets-du-rdee\/the-2025-liaison-tour-information\/#breadcrumb"},"inLanguage":"en-US","potentialAction":[{"@type":"ReadAction","target":["https:\/\/rdee.ca\/en\/projets-du-rdee\/the-2025-liaison-tour-information\/"]}]},{"@type":"ImageObject","inLanguage":"en-US","@id":"https:\/\/rdee.ca\/en\/projets-du-rdee\/the-2025-liaison-tour-information\/#primaryimage","url":"https:\/\/rdee.ca\/wp-content\/uploads\/Logo-petit-RDEE-Canada-e1727117821236.png","contentUrl":"https:\/\/rdee.ca\/wp-content\/uploads\/Logo-petit-RDEE-Canada-e1727117821236.png","width":1563,"height":1563},{"@type":"BreadcrumbList","@id":"https:\/\/rdee.ca\/en\/projets-du-rdee\/the-2025-liaison-tour-information\/#breadcrumb","itemListElement":[{"@type":"ListItem","position":1,"name":"Accueil","item":"https:\/\/rdee.ca\/en\/"},{"@type":"ListItem","position":2,"name":"Projets","item":"https:\/\/rdee.ca\/en\/projets-du-rdee\/"},{"@type":"ListItem","position":3,"name":"The 2025 Liaison Tour &#8211; Information"}]},{"@type":"WebSite","@id":"https:\/\/rdee.ca\/#website","url":"https:\/\/rdee.ca\/","name":"RD\u00c9E Canada","description":"Le leader du d\u00e9veloppement \u00e9conomique des communaut\u00e9s francophones et acadienne","potentialAction":[{"@type":"SearchAction","target":{"@type":"EntryPoint","urlTemplate":"https:\/\/rdee.ca\/?s={search_term_string}"},"query-input":{"@type":"PropertyValueSpecification","valueRequired":true,"valueName":"search_term_string"}}],"inLanguage":"en-US"}]}},"publishpress_future_action":{"enabled":false,"date":"2026-04-16 03:38:27","action":"change-status","newStatus":"draft","terms":[],"taxonomy":"translation_priority","extraData":[]},"publishpress_future_workflow_manual_trigger":{"enabledWorkflows":[]},"_links":{"self":[{"href":"https:\/\/rdee.ca\/en\/wp-json\/wp\/v2\/pages\/11418","targetHints":{"allow":["GET"]}}],"collection":[{"href":"https:\/\/rdee.ca\/en\/wp-json\/wp\/v2\/pages"}],"about":[{"href":"https:\/\/rdee.ca\/en\/wp-json\/wp\/v2\/types\/page"}],"author":[{"embeddable":true,"href":"https:\/\/rdee.ca\/en\/wp-json\/wp\/v2\/users\/1"}],"replies":[{"embeddable":true,"href":"https:\/\/rdee.ca\/en\/wp-json\/wp\/v2\/comments?post=11418"}],"version-history":[{"count":0,"href":"https:\/\/rdee.ca\/en\/wp-json\/wp\/v2\/pages\/11418\/revisions"}],"up":[{"embeddable":true,"href":"https:\/\/rdee.ca\/en\/wp-json\/wp\/v2\/pages\/3572"}],"wp:featuredmedia":[{"embeddable":true,"href":"https:\/\/rdee.ca\/en\/wp-json\/wp\/v2\/media\/10388"}],"wp:attachment":[{"href":"https:\/\/rdee.ca\/en\/wp-json\/wp\/v2\/media?parent=11418"}],"curies":[{"name":"wp","href":"https:\/\/api.w.org\/{rel}","templated":true}]}}